{"id":656,"date":"2016-12-20T07:27:49","date_gmt":"2016-12-20T07:27:49","guid":{"rendered":"http:\/\/www.barbats.com\/fr\/?page_id=656"},"modified":"2019-01-11T10:31:36","modified_gmt":"2019-01-11T10:31:36","slug":"politique-de-confidentialite","status":"publish","type":"page","link":"https:\/\/www.barbats.com\/fr\/politique-de-confidentialite\/","title":{"rendered":"Politique de confidentialit\u00e9"},"content":{"rendered":"<div  class='flex_column av-av_one_full-2a9015ff38129c418a3f2eafba3e9512 av_one_full  avia-builder-el-0  avia-builder-el-no-sibling  first flex_column_div  '     ><p>\n<style type=\"text\/css\" data-created_by=\"avia_inline_auto\" id=\"style-css-av-av_heading-e29d3b37b14ccf495592a5dea4d0e2fa\">\n#top .av-special-heading.av-av_heading-e29d3b37b14ccf495592a5dea4d0e2fa{\npadding-bottom:10px;\n}\nbody .av-special-heading.av-av_heading-e29d3b37b14ccf495592a5dea4d0e2fa .av-special-heading-tag .heading-char{\nfont-size:25px;\n}\n.av-special-heading.av-av_heading-e29d3b37b14ccf495592a5dea4d0e2fa .av-subheading{\nfont-size:15px;\n}\n<\/style>\n<div  class='av-special-heading av-av_heading-e29d3b37b14ccf495592a5dea4d0e2fa av-special-heading-h2 blockquote modern-quote  avia-builder-el-1  el_before_av_textblock  avia-builder-el-first '><h2 class='av-special-heading-tag '  itemprop=\"headline\"  >Politique de confidentialit\u00e9<\/h2><div class=\"special-heading-border\"><div class=\"special-heading-inner-border\"><\/div><\/div><\/div><br \/>\n<section  class='av_textblock_section av-jqrwj7r9-fb578aa1718ad70ae3614914231414d5 '   itemscope=\"itemscope\" itemtype=\"https:\/\/schema.org\/CreativeWork\" ><div class='avia_textblock'  itemprop=\"text\" ><p>Le pr\u00e9sent document de traitement de donn\u00e9es \u00e0 caract\u00e8re personnel a pour objet de r\u00e9v\u00e9ler la m\u00e9thode de collecte, de traitement et de protection des donn\u00e9es \u00e0 caract\u00e8re personnel collect\u00e9es sur le site Web, afin que les utilisateurs puissent d\u00e9terminer librement et volontairement s\u2019ils souhaitent fournir ses donn\u00e9es personnelles sur ce site.<\/p>\n<p>L\u2019acc\u00e8s et l\u2019utilisation du site Web, une fois l\u2019accord expresse donn\u00e9 en cochant la case correspondante de la part de l\u2019utilisateur, implique l\u2019acceptation int\u00e9grale du pr\u00e9sent document sur le traitement des donn\u00e9es \u00e0 caract\u00e8re personnel et s\u2019engagent \u00e0 respecter int\u00e9gralement les termes et conditions \u00e9nonc\u00e9s. Par cons\u00e9quent, l&rsquo;utilisateur doit lire attentivement ce document \u00e0 chacune des occasions dans lesquelles il a l&rsquo;intention d&rsquo;utiliser le site Web, puisqu&rsquo;il peut \u00eatre modifi\u00e9.<\/p>\n<p>Ce document est valable uniquement pour les donn\u00e9es \u00e0 caract\u00e8re personnel obtenues \u00e0 partir du site Web. Il ne s&rsquo;applique pas aux informations collect\u00e9es par des tiers sur d&rsquo;autres sites Web, m\u00eame si elles sont li\u00e9es \u00e0 ce site.<\/p>\n<h3>Qui est responsable du traitement de vos donn\u00e9es?<\/h3>\n<p>Le responsable des donn\u00e9es est Ramon M\u00aa Pellicer Llim\u00f2s<\/p>\n<ul>\n<li><strong>Sa d\u00e9nomination sociale est: <\/strong><strong>Ramon M\u00aa Pellicer Llim\u00f2s<\/strong><\/li>\n<li><strong>Son nom commercial est: Barbats<\/strong><\/li>\n<li><strong>Son CIF est: 39304500F<\/strong><\/li>\n<li><strong>Son si\u00e8ge social est: casa Barbats s\/n<\/strong><\/li>\n<li><strong>Il est inscrit au registre du Commerce de Barcelone<\/strong><\/li>\n<\/ul>\n<p>Ramon M\u00aa Pellicer Llim\u00f2s vous informe que ces donn\u00e9es seront trait\u00e9es conform\u00e9ment aux dispositions de la r\u00e9glementation en vigueur sur la protection des donn\u00e9es personnelles, R\u00e8glement (UE) 2016\/679 du 27 avril 2016 (RGPD). Les informations de traitement suivantes sont fournies:<\/p>\n<h3>Dans quel but traitons-nous vos donn\u00e9es personnelles?<\/h3>\n<p>Nous traitons les informations que les int\u00e9ress\u00e9s nous facilitent pour r\u00e9aliser la prospection d&rsquo;envoi de communications commerciales en base \u00e0 l&rsquo;int\u00e9r\u00eat d\u00e9montr\u00e9 sur nos produits et services.<\/p>\n<h3>Combien de temps allons-nous conserver vos donn\u00e9es?<\/h3>\n<p>Les donn\u00e9es seront conserv\u00e9es pendant 10 ans.<\/p>\n<h3>Quelle est la l\u00e9gitimit\u00e9 du traitement de vos donn\u00e9es?<\/h3>\n<p>Les donn\u00e9es personnelles que nous traitons dans Ramon M\u00aa Pellicer Llim\u00f2s proviennent de la partie int\u00e9ress\u00e9e, qui a accept\u00e9 le consentement tacite, les donn\u00e9es pouvant \u00eatre utilis\u00e9es aux fins susmentionn\u00e9es.<\/p>\n<h3>\u00c0 qui vos donn\u00e9es seront-elles transf\u00e9r\u00e9es?<\/h3>\n<p>Les donn\u00e9es ne seront pas transmises \u00e0 des tiers, sauf en cas d&rsquo;obligation l\u00e9gale.<\/p>\n<h3>Transferts de donn\u00e9es vers des pays tiers?<\/h3>\n<p>Les transferts de donn\u00e9es vers des pays tiers ne sont pas pr\u00e9vus.<\/p>\n<h3>Quels sont vos droits lorsque vous nous fournissez vos donn\u00e9es?<\/h3>\n<p>Vous avez le droit d&rsquo;obtenir confirmation si Ramon M\u00aa Pellicer Llim\u00f2s traite ou non des donn\u00e9es \u00e0 caract\u00e8re personnel vous concernant.<\/p>\n<p>Les parties int\u00e9ress\u00e9es ont le droit d&rsquo;acc\u00e9der \u00e0 leurs donn\u00e9es \u00e0 caract\u00e8re personnel, ainsi que de demander la rectification de donn\u00e9es inexactes ou, le cas \u00e9ch\u00e9ant, leur suppression lorsque, entre autres raisons, les donn\u00e9es ne sont plus n\u00e9cessaires aux fins qui ont \u00e9t\u00e9 collect\u00e9es.<\/p>\n<p>Dans certaines circonstances, les parties int\u00e9ress\u00e9es peuvent demander la limitation du traitement de leurs donn\u00e9es. Dans ce cas, nous les conservons uniquement pour l\u2019exercice ou la d\u00e9fense des cr\u00e9ances.<\/p>\n<p>Dans certaines circonstances et pour des raisons li\u00e9es \u00e0 leur situation particuli\u00e8re, les parties int\u00e9ress\u00e9es peuvent s&rsquo;opposer au traitement de leurs donn\u00e9es. Dans ce cas, Ramon M\u00aa Pellicer Llim\u00f2s cessera de traiter les donn\u00e9es, sauf pour des raisons l\u00e9gitimes imp\u00e9ratives, ou l\u2019exercice ou la d\u00e9fense de r\u00e9clamations \u00e9ventuelles.<\/p>\n<p>Vous pouvez exercer mat\u00e9riellement vos droits de la mani\u00e8re suivante: Vous disposez d&rsquo;un droit d&rsquo;acc\u00e8s, de rectification et de suppression des donn\u00e9es, ainsi que d&rsquo;autres droits, indiqu\u00e9s dans les informations suppl\u00e9mentaires, que vous pouvez exercer en contactant l&rsquo;adresse de la personne responsable du traitement.<\/p>\n<p>Si vous avez donn\u00e9 votre consentement \u00e0 une fin sp\u00e9cifique, vous avez le droit de retirer le consentement donn\u00e9 \u00e0 tout moment, sans affecter la l\u00e9galit\u00e9 du traitement fond\u00e9 sur le consentement avant son retrait.<\/p>\n<p>Si vous estimez que vos droits en mati\u00e8re de protection de vos donn\u00e9es sont viol\u00e9s, en particulier si vous n\u2019avez pas obtenu satisfaction dans l\u2019exercice de vos droits, vous pouvez adresser une demande \u00e0 l\u2019autorit\u00e9 de contr\u00f4le en mati\u00e8re de protection des donn\u00e9es: www.agpd.es<\/p>\n<h3>Quelles donn\u00e9es sont stock\u00e9es dans nos syst\u00e8mes?<\/h3>\n<p>Les cat\u00e9gories de donn\u00e9es trait\u00e9es sont les suivantes:<\/p>\n<ul>\n<li>Donn\u00e9es d&rsquo;identification<\/li>\n<li>Adresses postale et \u00e9lectronique.<\/li>\n<li>Informations commerciales<\/li>\n<\/ul>\n<p>Les cat\u00e9gories particuli\u00e8res de donn\u00e9es \u00e0 caract\u00e8re personnel ne sont pas trait\u00e9es (ce sont les donn\u00e9es qui r\u00e9v\u00e8lent l\u2019origine ethnique ou raciale, les opinions politiques, les convictions religieuses ou philosophiques, l\u2019appartenance \u00e0 un syndicat, les donn\u00e9es g\u00e9n\u00e9tiques, les donn\u00e9es biom\u00e9triques, donn\u00e9es relatives \u00e0 la sant\u00e9 ou donn\u00e9es relatives \u00e0 la vie sexuelle ou \u00e0 l&rsquo;orientation sexuelle d&rsquo;une personne physique).<\/p>\n<h2>Politique de cookies<\/h2>\n<h3>Que sont les cookies?<\/h3>\n<p>Un cookie est un fichier t\u00e9l\u00e9charg\u00e9 sur votre ordinateur lorsque vous acc\u00e9dez \u00e0 certaines pages Web. Les cookies permettent, entre autres, \u00e0 une page Web de stocker et de r\u00e9cup\u00e9rer des informations sur les habitudes de navigation d&rsquo;un utilisateur ou d&rsquo;une \u00e9quipe et, en fonction des informations qu&rsquo;ils, d&rsquo;identifier utilisateur.<\/p>\n<h3>Quels cookies ce site utilise-t-il et que sont-ils?<\/h3>\n<p>Ce site utilise des cookies \u00e0 plusieurs fins. Les d\u00e9tails des cookies utilis\u00e9s sur ce site sont les suivants:<\/p>\n<table>\n<tbody>\n<tr>\n<td width=\"65\"><strong>Cookie<\/strong><\/td>\n<td width=\"65\"><strong>Nom<\/strong><\/td>\n<td width=\"59\"><strong>Type<\/strong><\/td>\n<td width=\"316\"><strong>But<\/strong><\/td>\n<td width=\"139\"><strong>Plus d&rsquo;informations<\/strong><\/td>\n<\/tr>\n<tr>\n<td width=\"65\">_ga<\/td>\n<td width=\"65\">Google Analytics<\/td>\n<td width=\"59\">de tiers<\/td>\n<td width=\"316\">Ce nom de cookie est associ\u00e9 \u00e0 Google Universal Analytics, une mise \u00e0 jour significative du service Google Analytics le plus utilis\u00e9. Ce cookie est utilis\u00e9 pour distinguer les utilisateurs uniques en attribuant un num\u00e9ro g\u00e9n\u00e9r\u00e9 al\u00e9atoirement comme identifiant du client. Il est inclus dans chaque demande de page d&rsquo;un site et est utilis\u00e9 pour calculer les donn\u00e9es sur les visiteurs, les sessions et les campagnes pour les rapports d&rsquo;analyse. Par d\u00e9faut, il expirera au bout de 2 ans, m\u00eame s&rsquo;il est personnalisable par les propri\u00e9taires du site.<\/td>\n<td width=\"139\"><a href=\"https:\/\/marketingplatform.google.com\/about\/analytics\/\">https:\/\/marketingplatform.google.com\/about\/analytics\/<\/a><\/td>\n<\/tr>\n<tr>\n<td width=\"65\">_gid<\/td>\n<td width=\"65\">Google Analytics<\/td>\n<td width=\"59\">de tiers<\/td>\n<td width=\"316\">Ce nom de cookie est associ\u00e9 \u00e0 Google Universal Analytics. Ceci est un nouveau cookie qui stocke et met \u00e0 jour une valeur unique pour chaque page visit\u00e9e.<\/td>\n<td width=\"139\"><a href=\"https:\/\/marketingplatform.google.com\/about\/analytics\/\">https:\/\/marketingplatform.google.com\/about\/analytics\/<\/a><\/td>\n<\/tr>\n<tr>\n<td width=\"65\">_gat<\/td>\n<td width=\"65\">Google Analytics<\/td>\n<td width=\"59\">de tiers<\/td>\n<td width=\"316\">Le cookie associ\u00e9 \u00e0 Google Universal Analytics permet d\u2019acc\u00e9l\u00e9rer le pourcentage de demandes en limitant la collecte de donn\u00e9es dans les lieux tr\u00e8s fr\u00e9quent\u00e9s. Battre apr\u00e8s 10 minutes.<\/td>\n<td width=\"139\"><a href=\"https:\/\/marketingplatform.google.com\/about\/analytics\/\">https:\/\/marketingplatform.google.com\/about\/analytics\/<\/a><\/td>\n<\/tr>\n<tr>\n<td width=\"65\">240planD<\/td>\n<td width=\"65\">240planD<\/td>\n<td width=\"59\">poss\u00e9der<\/td>\n<td width=\"316\">Il s\u2019agit d\u2019un cookie technique dont l\u2019utilisation est sp\u00e9cifique \u00e0 notre h\u00f4te OVH Roubaix et permet, entre autres, de garantir la r\u00e9partition de la charge sur des serveurs.<\/td>\n<td width=\"139\"><\/td>\n<\/tr>\n<tr>\n<td width=\"65\">PHPSESSID<\/td>\n<td width=\"65\">PHPSESSID<\/td>\n<td width=\"59\">poss\u00e9der<\/td>\n<td width=\"316\">Cookie g\u00e9n\u00e9r\u00e9 par des applications bas\u00e9es sur le langage PHP. Il s&rsquo;agit d&rsquo;un identifiant \u00e0 usage g\u00e9n\u00e9ral utilis\u00e9 pour g\u00e9rer les variables de session utilisateur. Normalement, il s&rsquo;agit d&rsquo;un num\u00e9ro g\u00e9n\u00e9r\u00e9 al\u00e9atoirement. Son utilisation peut \u00eatre sp\u00e9cifique \u00e0 un site. Par exemple, gardez les donn\u00e9es d&rsquo;un \u00e9tat utilisateur enregistr\u00e9 entre les pages.<\/td>\n<td width=\"139\"><a href=\"http:\/\/php.net\/manual\/en\/function.session-id.php\">http:\/\/php.net\/manual\/en\/function.session-id.php<\/a><\/td>\n<\/tr>\n<\/tbody>\n<\/table>\n<p>Remarque: les cookies de type \u00ab\u00a0Propre\u00a0\u00bb ne sont utilis\u00e9s que par le propri\u00e9taire de ce site Web et les cookies \u00ab\u00a0tiers\u00a0\u00bb par le prestataire de service d\u00e9taill\u00e9 dans le tableau pr\u00e9c\u00e9dent.<\/p>\n<h3>Comment puis-je d\u00e9sactiver ou supprimer ces cookies?<\/h3>\n<p>Vous pouvez autoriser, bloquer ou \u00e9liminer les cookies install\u00e9s sur votre ordinateur en configurant les options du navigateur sur votre ordinateur:<\/p>\n<ul>\n<li>Firefox: <a href=\"http:\/\/support.mozilla.org\/es\/kb\/habilitar-y-deshabilitar-cookies-que-los-sitios-we\">http:\/\/support.mozilla.org\/es\/kb\/habilitar-y-deshabilitar-cookies-que-los-sitios-we<\/a><\/li>\n<li>Chrome: <a href=\"http:\/\/support.google.com\/chrome\/bin\/answer.py?hl=es&amp;answer=95647\">http:\/\/support.google.com\/chrome\/bin\/answer.py?hl=fr&amp;answer=95647<\/a><\/li>\n<li>Explorer: <a href=\"http:\/\/windows.microsoft.com\/es-es\/windows7\/how-to-manage-cookies-in-internet-explorer-9\">http:\/\/windows.microsoft.com\/es-es\/windows7\/how-to-manage-cookies-in-internet-explorer-9<\/a><\/li>\n<li>Safari: <a href=\"http:\/\/support.apple.com\/kb\/ph5042\">http:\/\/support.apple.com\/kb\/ph5042<\/a><\/li>\n<\/ul>\n<ul>\n<li>Opera: <a href=\"https:\/\/www.opera.com\/help\/tutorials\/security\/privacy\">https:\/\/www.opera.com\/help\/tutorials\/security\/privacy<\/a><\/li>\n<li>Autres navigateurs: Consultez la documentation du navigateur que vous avez install\u00e9.<\/li>\n<\/ul>\n<h3>Module compl\u00e9mentaire de d\u00e9sactivation du navigateur Google Analytics<\/h3>\n<p>Si vous souhaitez rejeter les cookies analytiques de Google Analytics dans tous les navigateurs, afin que vos informations ne soient pas envoy\u00e9es dans Google Analytics, vous pouvez t\u00e9l\u00e9charger un module compl\u00e9mentaire qui remplit cette fonction \u00e0 partir de ce lien: <a href=\"https:\/\/tools.google.com\/dlpage\/gaoptout\">https:\/\/tools.google.com\/dlpage\/gaoptout<\/a>.<\/p>\n<\/div><\/section><\/p><\/div>\n","protected":false},"excerpt":{"rendered":"","protected":false},"author":3,"featured_media":0,"parent":0,"menu_order":0,"comment_status":"closed","ping_status":"open","template":"","meta":{"footnotes":""},"class_list":["post-656","page","type-page","status-publish","hentry"],"yoast_head":"<!-- This site is optimized with the Yoast SEO plugin v27.3 - https:\/\/yoast.com\/product\/yoast-seo-wordpress\/ -->\n<title>Politique de confidentialit\u00e9 - Barbats<\/title>\n<meta name=\"robots\" content=\"index, follow, max-snippet:-1, max-image-preview:large, max-video-preview:-1\" \/>\n<link rel=\"canonical\" href=\"https:\/\/www.barbats.com\/politica-de-privacitat\/\" \/>\n<meta property=\"og:locale\" content=\"fr_FR\" \/>\n<meta property=\"og:type\" content=\"article\" \/>\n<meta property=\"og:title\" content=\"Politique de confidentialit\u00e9 - Barbats\" \/>\n<meta property=\"og:url\" content=\"https:\/\/www.barbats.com\/politica-de-privacitat\/\" \/>\n<meta property=\"og:site_name\" content=\"Barbats\" \/>\n<meta property=\"article:modified_time\" content=\"2019-01-11T10:31:36+00:00\" \/>\n<meta name=\"twitter:card\" content=\"summary_large_image\" \/>\n<meta name=\"twitter:label1\" content=\"Dur\u00e9e de lecture estim\u00e9e\" \/>\n\t<meta name=\"twitter:data1\" content=\"8 minutes\" \/>\n<script type=\"application\/ld+json\" class=\"yoast-schema-graph\">{\"@context\":\"https:\\\/\\\/schema.org\",\"@graph\":[{\"@type\":\"WebPage\",\"@id\":\"https:\\\/\\\/www.barbats.com\\\/politica-de-privacitat\\\/\",\"url\":\"https:\\\/\\\/www.barbats.com\\\/politica-de-privacitat\\\/\",\"name\":\"Politique de confidentialit\u00e9 - Barbats\",\"isPartOf\":{\"@id\":\"https:\\\/\\\/www.barbats.com\\\/#website\"},\"datePublished\":\"2016-12-20T07:27:49+00:00\",\"dateModified\":\"2019-01-11T10:31:36+00:00\",\"breadcrumb\":{\"@id\":\"https:\\\/\\\/www.barbats.com\\\/politica-de-privacitat\\\/#breadcrumb\"},\"inLanguage\":\"fr-FR\",\"potentialAction\":[{\"@type\":\"ReadAction\",\"target\":[\"https:\\\/\\\/www.barbats.com\\\/politica-de-privacitat\\\/\"]}]},{\"@type\":\"BreadcrumbList\",\"@id\":\"https:\\\/\\\/www.barbats.com\\\/politica-de-privacitat\\\/#breadcrumb\",\"itemListElement\":[{\"@type\":\"ListItem\",\"position\":1,\"name\":\"Inici\",\"item\":\"https:\\\/\\\/www.barbats.com\\\/fr\\\/\"},{\"@type\":\"ListItem\",\"position\":2,\"name\":\"Politique de confidentialit\u00e9\"}]},{\"@type\":\"WebSite\",\"@id\":\"https:\\\/\\\/www.barbats.com\\\/#website\",\"url\":\"https:\\\/\\\/www.barbats.com\\\/\",\"name\":\"Barbats\",\"description\":\"Cases de turisme rural a Casserres al Bergued\u00e0\",\"potentialAction\":[{\"@type\":\"SearchAction\",\"target\":{\"@type\":\"EntryPoint\",\"urlTemplate\":\"https:\\\/\\\/www.barbats.com\\\/?s={search_term_string}\"},\"query-input\":{\"@type\":\"PropertyValueSpecification\",\"valueRequired\":true,\"valueName\":\"search_term_string\"}}],\"inLanguage\":\"fr-FR\"}]}<\/script>\n<!-- \/ Yoast SEO plugin. -->","yoast_head_json":{"title":"Politique de confidentialit\u00e9 - Barbats","robots":{"index":"index","follow":"follow","max-snippet":"max-snippet:-1","max-image-preview":"max-image-preview:large","max-video-preview":"max-video-preview:-1"},"canonical":"https:\/\/www.barbats.com\/politica-de-privacitat\/","og_locale":"fr_FR","og_type":"article","og_title":"Politique de confidentialit\u00e9 - Barbats","og_url":"https:\/\/www.barbats.com\/politica-de-privacitat\/","og_site_name":"Barbats","article_modified_time":"2019-01-11T10:31:36+00:00","twitter_card":"summary_large_image","twitter_misc":{"Dur\u00e9e de lecture estim\u00e9e":"8 minutes"},"schema":{"@context":"https:\/\/schema.org","@graph":[{"@type":"WebPage","@id":"https:\/\/www.barbats.com\/politica-de-privacitat\/","url":"https:\/\/www.barbats.com\/politica-de-privacitat\/","name":"Politique de confidentialit\u00e9 - Barbats","isPartOf":{"@id":"https:\/\/www.barbats.com\/#website"},"datePublished":"2016-12-20T07:27:49+00:00","dateModified":"2019-01-11T10:31:36+00:00","breadcrumb":{"@id":"https:\/\/www.barbats.com\/politica-de-privacitat\/#breadcrumb"},"inLanguage":"fr-FR","potentialAction":[{"@type":"ReadAction","target":["https:\/\/www.barbats.com\/politica-de-privacitat\/"]}]},{"@type":"BreadcrumbList","@id":"https:\/\/www.barbats.com\/politica-de-privacitat\/#breadcrumb","itemListElement":[{"@type":"ListItem","position":1,"name":"Inici","item":"https:\/\/www.barbats.com\/fr\/"},{"@type":"ListItem","position":2,"name":"Politique de confidentialit\u00e9"}]},{"@type":"WebSite","@id":"https:\/\/www.barbats.com\/#website","url":"https:\/\/www.barbats.com\/","name":"Barbats","description":"Cases de turisme rural a Casserres al Bergued\u00e0","potentialAction":[{"@type":"SearchAction","target":{"@type":"EntryPoint","urlTemplate":"https:\/\/www.barbats.com\/?s={search_term_string}"},"query-input":{"@type":"PropertyValueSpecification","valueRequired":true,"valueName":"search_term_string"}}],"inLanguage":"fr-FR"}]}},"_links":{"self":[{"href":"https:\/\/www.barbats.com\/fr\/wp-json\/wp\/v2\/pages\/656","targetHints":{"allow":["GET"]}}],"collection":[{"href":"https:\/\/www.barbats.com\/fr\/wp-json\/wp\/v2\/pages"}],"about":[{"href":"https:\/\/www.barbats.com\/fr\/wp-json\/wp\/v2\/types\/page"}],"author":[{"embeddable":true,"href":"https:\/\/www.barbats.com\/fr\/wp-json\/wp\/v2\/users\/3"}],"replies":[{"embeddable":true,"href":"https:\/\/www.barbats.com\/fr\/wp-json\/wp\/v2\/comments?post=656"}],"version-history":[{"count":2,"href":"https:\/\/www.barbats.com\/fr\/wp-json\/wp\/v2\/pages\/656\/revisions"}],"predecessor-version":[{"id":1003,"href":"https:\/\/www.barbats.com\/fr\/wp-json\/wp\/v2\/pages\/656\/revisions\/1003"}],"wp:attachment":[{"href":"https:\/\/www.barbats.com\/fr\/wp-json\/wp\/v2\/media?parent=656"}],"curies":[{"name":"wp","href":"https:\/\/api.w.org\/{rel}","templated":true}]}}