{"id":651,"date":"2016-12-20T07:16:54","date_gmt":"2016-12-20T07:16:54","guid":{"rendered":"http:\/\/www.barbats.com\/fr\/?page_id=651"},"modified":"2017-01-24T08:25:09","modified_gmt":"2017-01-24T08:25:09","slug":"conditions","status":"publish","type":"page","link":"https:\/\/www.barbats.com\/fr\/conditions\/","title":{"rendered":"Conditions"},"content":{"rendered":"\n<style type=\"text\/css\" data-created_by=\"avia_inline_auto\" id=\"style-css-av-av_heading-37409a0b18b2539b06e1e493dfb05f44\">\n#top .av-special-heading.av-av_heading-37409a0b18b2539b06e1e493dfb05f44{\npadding-bottom:10px;\n}\nbody .av-special-heading.av-av_heading-37409a0b18b2539b06e1e493dfb05f44 .av-special-heading-tag .heading-char{\nfont-size:25px;\n}\n.av-special-heading.av-av_heading-37409a0b18b2539b06e1e493dfb05f44 .av-subheading{\nfont-size:15px;\n}\n<\/style>\n<div  class='av-special-heading av-av_heading-37409a0b18b2539b06e1e493dfb05f44 av-special-heading-h2 blockquote modern-quote  avia-builder-el-0  el_before_av_textblock  avia-builder-el-first '><h2 class='av-special-heading-tag '  itemprop=\"headline\"  >Conditions<\/h2><div class=\"special-heading-border\"><div class=\"special-heading-inner-border\"><\/div><\/div><\/div>\n<section  class='av_textblock_section av-av_textblock-0366cc7376be6c9e82a3e9cc8987b64f '   itemscope=\"itemscope\" itemtype=\"https:\/\/schema.org\/CreativeWork\" ><div class='avia_textblock'  itemprop=\"text\" ><p>La maison dispose d\u2019une <strong>cuisine totalement \u00e9quip\u00e9e<\/strong>, de <strong>draps et de serviettes de bain<\/strong>. Les serviettes de piscine ne sont pas inclues.<\/p>\n<p>Le logement d\u2019un nombre sup\u00e9rieur de personnes \u00e0 celui qui a \u00e9t\u00e9 accord\u00e9 lors du contrat n\u2019est pas permis. Il faudra accorder le nombre de personnes adultes, enfants et les enfants qui ont moins de 2 ans.<\/p>\n<p>Il n\u2019est pas permis d\u2019introduire des \u00e9quipements de sonorisation sans pr\u00e9venir \u00e0 l\u2019avance.<\/p>\n<p>Il n\u2019est pas permis l\u2019introduction d\u2019appareils qui puissent alt\u00e9rer la consommation habituelle de l\u2019alimentation.<\/p>\n<p><strong>R\u00e9servation et paiement <\/strong><\/p>\n<p>Il faut faire un acompte du 25% du prix total du s\u00e9jour quand il s\u2019agit d\u2019un week-end. Et un acompte du 30% du prix pour les ponts et les semaines.<\/p>\n<p>Le paiement de la somme du s\u00e9jour : en g\u00e9n\u00e9ral le paiement est fait au moment de l\u2019arriv\u00e9e \u00e0 la maison ou bien quand la maison est occup\u00e9e.<\/p>\n<p><strong>Annulation de la r\u00e9servation <\/strong><\/p>\n<p>L\u2019acompte sera rendu au 100% si l\u2019annulation est faite avec plus de 30 jours d\u2019avance \u00e0 la date du s\u00e9jour. Un 50% de l\u2019acompte pour l\u2019annulation entre 30 et 15 jours avant le s\u00e9jour. Aucun pourcentage de l\u2019acompte sera rendu en cas d\u2019annulation de la r\u00e9servation entre les 15 jours ou moins avant la date du s\u00e9jour.<\/p>\n<\/div><\/section>\n","protected":false},"excerpt":{"rendered":"","protected":false},"author":3,"featured_media":0,"parent":0,"menu_order":0,"comment_status":"closed","ping_status":"closed","template":"","meta":{"footnotes":""},"class_list":["post-651","page","type-page","status-publish","hentry"],"yoast_head":"<!-- This site is optimized with the Yoast SEO plugin v27.5 - https:\/\/yoast.com\/product\/yoast-seo-wordpress\/ -->\n<title>Barbats conditions l\u00e9gales - Maison de vacances \u00e0 Casserres en Bergued\u00e0<\/title>\n<meta name=\"description\" content=\"Barbats maisons rurales sont situ\u00e9es \u00e0 Casserres en Bergued\u00e0 (Barcelonne), ont une cuisine enti\u00e8rement \u00e9quip\u00e9e, draps et serviettes de bain.\" \/>\n<meta name=\"robots\" content=\"index, follow, max-snippet:-1, max-image-preview:large, max-video-preview:-1\" \/>\n<link rel=\"canonical\" href=\"https:\/\/www.barbats.com\/condicions\/\" \/>\n<meta property=\"og:locale\" content=\"fr_FR\" \/>\n<meta property=\"og:type\" content=\"article\" \/>\n<meta property=\"og:title\" content=\"Barbats conditions l\u00e9gales - Maison de vacances \u00e0 Casserres en Bergued\u00e0\" \/>\n<meta property=\"og:description\" content=\"Barbats maisons rurales sont situ\u00e9es \u00e0 Casserres en Bergued\u00e0 (Barcelonne), ont une cuisine enti\u00e8rement \u00e9quip\u00e9e, draps et serviettes de bain.\" \/>\n<meta property=\"og:url\" content=\"https:\/\/www.barbats.com\/condicions\/\" \/>\n<meta property=\"og:site_name\" content=\"Barbats\" \/>\n<meta property=\"article:modified_time\" content=\"2017-01-24T08:25:09+00:00\" \/>\n<meta name=\"twitter:card\" content=\"summary_large_image\" \/>\n<meta name=\"twitter:label1\" content=\"Dur\u00e9e de lecture estim\u00e9e\" \/>\n\t<meta name=\"twitter:data1\" content=\"1 minute\" \/>\n<script type=\"application\/ld+json\" class=\"yoast-schema-graph\">{\"@context\":\"https:\\\/\\\/schema.org\",\"@graph\":[{\"@type\":\"WebPage\",\"@id\":\"https:\\\/\\\/www.barbats.com\\\/condicions\\\/\",\"url\":\"https:\\\/\\\/www.barbats.com\\\/condicions\\\/\",\"name\":\"Barbats conditions l\u00e9gales - Maison de vacances \u00e0 Casserres en Bergued\u00e0\",\"isPartOf\":{\"@id\":\"https:\\\/\\\/www.barbats.com\\\/#website\"},\"datePublished\":\"2016-12-20T07:16:54+00:00\",\"dateModified\":\"2017-01-24T08:25:09+00:00\",\"description\":\"Barbats maisons rurales sont situ\u00e9es \u00e0 Casserres en Bergued\u00e0 (Barcelonne), ont une cuisine enti\u00e8rement \u00e9quip\u00e9e, draps et serviettes de bain.\",\"breadcrumb\":{\"@id\":\"https:\\\/\\\/www.barbats.com\\\/condicions\\\/#breadcrumb\"},\"inLanguage\":\"fr-FR\",\"potentialAction\":[{\"@type\":\"ReadAction\",\"target\":[\"https:\\\/\\\/www.barbats.com\\\/condicions\\\/\"]}]},{\"@type\":\"BreadcrumbList\",\"@id\":\"https:\\\/\\\/www.barbats.com\\\/condicions\\\/#breadcrumb\",\"itemListElement\":[{\"@type\":\"ListItem\",\"position\":1,\"name\":\"Inici\",\"item\":\"https:\\\/\\\/www.barbats.com\\\/fr\\\/\"},{\"@type\":\"ListItem\",\"position\":2,\"name\":\"Conditions\"}]},{\"@type\":\"WebSite\",\"@id\":\"https:\\\/\\\/www.barbats.com\\\/#website\",\"url\":\"https:\\\/\\\/www.barbats.com\\\/\",\"name\":\"Barbats\",\"description\":\"Cases de turisme rural a Casserres al Bergued\u00e0\",\"potentialAction\":[{\"@type\":\"SearchAction\",\"target\":{\"@type\":\"EntryPoint\",\"urlTemplate\":\"https:\\\/\\\/www.barbats.com\\\/?s={search_term_string}\"},\"query-input\":{\"@type\":\"PropertyValueSpecification\",\"valueRequired\":true,\"valueName\":\"search_term_string\"}}],\"inLanguage\":\"fr-FR\"}]}<\/script>\n<!-- \/ Yoast SEO plugin. -->","yoast_head_json":{"title":"Barbats conditions l\u00e9gales - Maison de vacances \u00e0 Casserres en Bergued\u00e0","description":"Barbats maisons rurales sont situ\u00e9es \u00e0 Casserres en Bergued\u00e0 (Barcelonne), ont une cuisine enti\u00e8rement \u00e9quip\u00e9e, draps et serviettes de bain.","robots":{"index":"index","follow":"follow","max-snippet":"max-snippet:-1","max-image-preview":"max-image-preview:large","max-video-preview":"max-video-preview:-1"},"canonical":"https:\/\/www.barbats.com\/condicions\/","og_locale":"fr_FR","og_type":"article","og_title":"Barbats conditions l\u00e9gales - Maison de vacances \u00e0 Casserres en Bergued\u00e0","og_description":"Barbats maisons rurales sont situ\u00e9es \u00e0 Casserres en Bergued\u00e0 (Barcelonne), ont une cuisine enti\u00e8rement \u00e9quip\u00e9e, draps et serviettes de bain.","og_url":"https:\/\/www.barbats.com\/condicions\/","og_site_name":"Barbats","article_modified_time":"2017-01-24T08:25:09+00:00","twitter_card":"summary_large_image","twitter_misc":{"Dur\u00e9e de lecture estim\u00e9e":"1 minute"},"schema":{"@context":"https:\/\/schema.org","@graph":[{"@type":"WebPage","@id":"https:\/\/www.barbats.com\/condicions\/","url":"https:\/\/www.barbats.com\/condicions\/","name":"Barbats conditions l\u00e9gales - Maison de vacances \u00e0 Casserres en Bergued\u00e0","isPartOf":{"@id":"https:\/\/www.barbats.com\/#website"},"datePublished":"2016-12-20T07:16:54+00:00","dateModified":"2017-01-24T08:25:09+00:00","description":"Barbats maisons rurales sont situ\u00e9es \u00e0 Casserres en Bergued\u00e0 (Barcelonne), ont une cuisine enti\u00e8rement \u00e9quip\u00e9e, draps et serviettes de bain.","breadcrumb":{"@id":"https:\/\/www.barbats.com\/condicions\/#breadcrumb"},"inLanguage":"fr-FR","potentialAction":[{"@type":"ReadAction","target":["https:\/\/www.barbats.com\/condicions\/"]}]},{"@type":"BreadcrumbList","@id":"https:\/\/www.barbats.com\/condicions\/#breadcrumb","itemListElement":[{"@type":"ListItem","position":1,"name":"Inici","item":"https:\/\/www.barbats.com\/fr\/"},{"@type":"ListItem","position":2,"name":"Conditions"}]},{"@type":"WebSite","@id":"https:\/\/www.barbats.com\/#website","url":"https:\/\/www.barbats.com\/","name":"Barbats","description":"Cases de turisme rural a Casserres al Bergued\u00e0","potentialAction":[{"@type":"SearchAction","target":{"@type":"EntryPoint","urlTemplate":"https:\/\/www.barbats.com\/?s={search_term_string}"},"query-input":{"@type":"PropertyValueSpecification","valueRequired":true,"valueName":"search_term_string"}}],"inLanguage":"fr-FR"}]}},"_links":{"self":[{"href":"https:\/\/www.barbats.com\/fr\/wp-json\/wp\/v2\/pages\/651","targetHints":{"allow":["GET"]}}],"collection":[{"href":"https:\/\/www.barbats.com\/fr\/wp-json\/wp\/v2\/pages"}],"about":[{"href":"https:\/\/www.barbats.com\/fr\/wp-json\/wp\/v2\/types\/page"}],"author":[{"embeddable":true,"href":"https:\/\/www.barbats.com\/fr\/wp-json\/wp\/v2\/users\/3"}],"replies":[{"embeddable":true,"href":"https:\/\/www.barbats.com\/fr\/wp-json\/wp\/v2\/comments?post=651"}],"version-history":[{"count":1,"href":"https:\/\/www.barbats.com\/fr\/wp-json\/wp\/v2\/pages\/651\/revisions"}],"predecessor-version":[{"id":652,"href":"https:\/\/www.barbats.com\/fr\/wp-json\/wp\/v2\/pages\/651\/revisions\/652"}],"wp:attachment":[{"href":"https:\/\/www.barbats.com\/fr\/wp-json\/wp\/v2\/media?parent=651"}],"curies":[{"name":"wp","href":"https:\/\/api.w.org\/{rel}","templated":true}]}}