{"id":649,"date":"2016-12-20T07:14:18","date_gmt":"2016-12-20T07:14:18","guid":{"rendered":"http:\/\/www.barbats.com\/fr\/?page_id=649"},"modified":"2025-12-17T11:09:45","modified_gmt":"2025-12-17T11:09:45","slug":"reservations","status":"publish","type":"page","link":"https:\/\/www.barbats.com\/fr\/reservations\/","title":{"rendered":"R\u00e9serves"},"content":{"rendered":"\n<style type=\"text\/css\" data-created_by=\"avia_inline_auto\" id=\"style-css-av-3ogie9-adfe71cac4caf8f5403206f680dc955a\">\n#top .av-special-heading.av-3ogie9-adfe71cac4caf8f5403206f680dc955a{\npadding-bottom:10px;\n}\nbody .av-special-heading.av-3ogie9-adfe71cac4caf8f5403206f680dc955a .av-special-heading-tag .heading-char{\nfont-size:25px;\n}\n.av-special-heading.av-3ogie9-adfe71cac4caf8f5403206f680dc955a .av-subheading{\nfont-size:15px;\n}\n<\/style>\n<div  class='av-special-heading av-3ogie9-adfe71cac4caf8f5403206f680dc955a av-special-heading-h2 blockquote modern-quote  avia-builder-el-0  el_before_av_three_fifth  avia-builder-el-first '><h2 class='av-special-heading-tag '  itemprop=\"headline\"  >R\u00e9servations et disponibilit\u00e9<\/h2><div class=\"special-heading-border\"><div class=\"special-heading-inner-border\"><\/div><\/div><\/div>\n\n<style type=\"text\/css\" data-created_by=\"avia_inline_auto\" id=\"style-css-av-622b94-b9a29b7b25ec6453e726222ea5f8118a\">\n.flex_column.av-622b94-b9a29b7b25ec6453e726222ea5f8118a{\nborder-radius:0px 0px 0px 0px;\npadding:0px 0px 0px 0px;\n}\n<\/style>\n<div  class='flex_column av-622b94-b9a29b7b25ec6453e726222ea5f8118a av_three_fifth  avia-builder-el-1  el_after_av_heading  el_before_av_two_fifth  first flex_column_div av-zero-column-padding  '     ><section  class='av_textblock_section av-5tx3p4-55820b1c6727b5195a3573c141914360 '   itemscope=\"itemscope\" itemtype=\"https:\/\/schema.org\/CreativeWork\" ><div class='avia_textblock'  itemprop=\"text\" ><p>V\u00e9rifiez la disponibilit\u00e9 ici et contactez-nous.<\/p>\n<\/div><\/section><\/div>\n<style type=\"text\/css\" data-created_by=\"avia_inline_auto\" id=\"style-css-av-ke22g-301c5824f4d0691ab4142f445a34c0c0\">\n.flex_column.av-ke22g-301c5824f4d0691ab4142f445a34c0c0{\nborder-radius:0px 0px 0px 0px;\npadding:0px 0px 0px 0px;\n}\n<\/style>\n<div  class='flex_column av-ke22g-301c5824f4d0691ab4142f445a34c0c0 av_two_fifth  avia-builder-el-3  el_after_av_three_fifth  el_before_av_section  avia-builder-el-last  flex_column_div av-zero-column-padding  '     ><section  class='av_textblock_section av-5l49u0-976fbea7e2704b91784a6ba9b2d4b73b '   itemscope=\"itemscope\" itemtype=\"https:\/\/schema.org\/CreativeWork\" ><div class='avia_textblock'  itemprop=\"text\" ><p style=\"text-align: right;\">Consultez les <a href=\"http:\/\/www.barbats.com\/condicions\/\">conditions l\u00e9gales<\/a> ici.<\/p>\n<\/div><\/section><\/div><\/p>\n<\/div><\/div><\/div><!-- close content main div --><\/div><\/div><div id='av_section_1'  class='avia-section av-474g7l-3bf2d888769ee5f69a023fd523f40a71 main_color avia-section-default avia-no-border-styling  avia-builder-el-5  el_after_av_two_fifth  el_before_av_one_full  avia-bg-style-scroll container_wrap fullsize'  ><div class='container av-section-cont-open' ><div class='template-page content  av-content-full alpha units'><div class='post-entry post-entry-type-page post-entry-649'><div class='entry-content-wrapper clearfix'>\n<div class='flex_column_table av-44rdpl-bebe7d72f1b881b92fbc049fc8567659 sc-av_one_fourth av-equal-height-column-flextable'>\n<style type=\"text\/css\" data-created_by=\"avia_inline_auto\" id=\"style-css-av-44rdpl-bebe7d72f1b881b92fbc049fc8567659\">\n.flex_column.av-44rdpl-bebe7d72f1b881b92fbc049fc8567659{\nborder-radius:0px 0px 0px 0px;\npadding:0px 0px 0px 0px;\n}\n<\/style>\n<div  class='flex_column av-44rdpl-bebe7d72f1b881b92fbc049fc8567659 av_one_fourth  avia-builder-el-6  el_before_av_three_fourth  avia-builder-el-first  first flex_column_table_cell av-equal-height-column av-align-middle av-zero-column-padding  '     ><p>\n<style type=\"text\/css\" data-created_by=\"avia_inline_auto\" id=\"style-css-av-3xrsm1-0d0e0a50af99002da0518bb38d0713cb\">\n.avia-image-container.av-3xrsm1-0d0e0a50af99002da0518bb38d0713cb img.avia_image{\nbox-shadow:none;\n}\n.avia-image-container.av-3xrsm1-0d0e0a50af99002da0518bb38d0713cb .av-image-caption-overlay-center{\ncolor:#ffffff;\n}\n<\/style>\n<div  class='avia-image-container av-3xrsm1-0d0e0a50af99002da0518bb38d0713cb av-styling- avia-align-center  avia-builder-el-7  el_before_av_hr  avia-builder-el-first '   itemprop=\"image\" itemscope=\"itemscope\" itemtype=\"https:\/\/schema.org\/ImageObject\" ><div class=\"avia-image-container-inner\"><div class=\"avia-image-overlay-wrap\"><img decoding=\"async\" fetchpriority=\"high\" class='wp-image-909 avia-img-lazy-loading-not-909 avia_image ' src=\"https:\/\/www.barbats.com\/wp-content\/uploads\/2014\/09\/logo-cal-peu-curt.jpg\" alt='' title='logo-cal-peu-curt'  height=\"200\" width=\"250\"  itemprop=\"thumbnailUrl\"  \/><\/div><\/div><\/div><br \/>\n\n<style type=\"text\/css\" data-created_by=\"avia_inline_auto\" id=\"style-css-av-3p7ytl-c990996bcbb53b0759543e4e3fa5a310\">\n#top .hr.hr-invisible.av-3p7ytl-c990996bcbb53b0759543e4e3fa5a310{\nheight:50px;\n}\n<\/style>\n<div  class='hr av-3p7ytl-c990996bcbb53b0759543e4e3fa5a310 hr-invisible  avia-builder-el-8  el_after_av_image  el_before_av_textblock '><span class='hr-inner '><span class=\"hr-inner-style\"><\/span><\/span><\/div><br \/>\n<section  class='av_textblock_section av-3jk5mp-d27e783fa20a7d883c24f8be13e3cda7 '   itemscope=\"itemscope\" itemtype=\"https:\/\/schema.org\/CreativeWork\" ><div class='avia_textblock'  itemprop=\"text\" ><h4 style=\"text-align: center;\"><span style=\"color: #e6652d;\"><strong>Cal Peu Curt<\/strong><\/span><\/h4>\n<\/div><\/section><\/p><\/div><div class='av-flex-placeholder'><\/div>\n<style type=\"text\/css\" data-created_by=\"avia_inline_auto\" id=\"style-css-av-3duv75-caa05d691f662d63d41494322f60bd41\">\n.flex_column.av-3duv75-caa05d691f662d63d41494322f60bd41{\nborder-radius:0px 0px 0px 0px;\npadding:0px 0px 0px 0px;\n}\n<\/style>\n<div  class='flex_column av-3duv75-caa05d691f662d63d41494322f60bd41 av_three_fourth  avia-builder-el-10  el_after_av_one_fourth  el_before_av_one_fourth  flex_column_table_cell av-equal-height-column av-align-middle av-zero-column-padding  '     ><p><br \/>\n\n<style type=\"text\/css\" data-created_by=\"avia_inline_auto\" id=\"style-css-av-37iuv5-51713840659f590b83ae45abb709f6e5\">\n#top .hr.hr-invisible.av-37iuv5-51713840659f590b83ae45abb709f6e5{\nheight:50px;\n}\n<\/style>\n<div  class='hr av-37iuv5-51713840659f590b83ae45abb709f6e5 hr-invisible  avia-builder-el-12  el_after_av_codeblock  avia-builder-el-last '><span class='hr-inner '><span class=\"hr-inner-style\"><\/span><\/span><\/div><\/p><\/div><\/div><!--close column table wrapper. Autoclose: 1 --><div class='flex_column_table av-312d9l-d80572c064f41fb6c93a9f575013f431 sc-av_one_fourth av-equal-height-column-flextable'>\n<style type=\"text\/css\" data-created_by=\"avia_inline_auto\" id=\"style-css-av-312d9l-d80572c064f41fb6c93a9f575013f431\">\n.flex_column.av-312d9l-d80572c064f41fb6c93a9f575013f431{\nborder-radius:0px 0px 0px 0px;\npadding:0px 0px 0px 0px;\n}\n<\/style>\n<div  class='flex_column av-312d9l-d80572c064f41fb6c93a9f575013f431 av_one_fourth  avia-builder-el-13  el_after_av_three_fourth  el_before_av_three_fourth  first flex_column_table_cell av-equal-height-column av-align-middle av-zero-column-padding  column-top-margin'     ><p>\n<style type=\"text\/css\" data-created_by=\"avia_inline_auto\" id=\"style-css-av-2xybbd-41e491b333c8e4e33228b2a4381a6393\">\n.avia-image-container.av-2xybbd-41e491b333c8e4e33228b2a4381a6393 img.avia_image{\nbox-shadow:none;\n}\n.avia-image-container.av-2xybbd-41e491b333c8e4e33228b2a4381a6393 .av-image-caption-overlay-center{\ncolor:#ffffff;\n}\n<\/style>\n<div  class='avia-image-container av-2xybbd-41e491b333c8e4e33228b2a4381a6393 av-styling- avia-align-center  avia-builder-el-14  el_before_av_hr  avia-builder-el-first '   itemprop=\"image\" itemscope=\"itemscope\" itemtype=\"https:\/\/schema.org\/ImageObject\" ><div class=\"avia-image-container-inner\"><div class=\"avia-image-overlay-wrap\"><img decoding=\"async\" fetchpriority=\"high\" class='wp-image-903 avia-img-lazy-loading-not-903 avia_image ' src=\"https:\/\/www.barbats.com\/wp-content\/uploads\/2014\/09\/logo-cal-cosme.jpg\" alt='' title='logo-cal-cosme'  height=\"200\" width=\"250\"  itemprop=\"thumbnailUrl\"  \/><\/div><\/div><\/div><br \/>\n\n<style type=\"text\/css\" data-created_by=\"avia_inline_auto\" id=\"style-css-av-2rhea9-ae88541fb4629f0f2c6bcb9a3a0e5261\">\n#top .hr.hr-invisible.av-2rhea9-ae88541fb4629f0f2c6bcb9a3a0e5261{\nheight:50px;\n}\n<\/style>\n<div  class='hr av-2rhea9-ae88541fb4629f0f2c6bcb9a3a0e5261 hr-invisible  avia-builder-el-15  el_after_av_image  el_before_av_textblock '><span class='hr-inner '><span class=\"hr-inner-style\"><\/span><\/span><\/div><br \/>\n<section  class='av_textblock_section av-2jo8dd-4a06885adf0606747c7b2b8c1ffced61 '   itemscope=\"itemscope\" itemtype=\"https:\/\/schema.org\/CreativeWork\" ><div class='avia_textblock'  itemprop=\"text\" ><h4 style=\"text-align: center;\"><span style=\"color: #e6652d;\"><strong>Cal Cosme<\/strong><\/span><\/h4>\n<\/div><\/section><\/p><\/div><div class='av-flex-placeholder'><\/div>\n<style type=\"text\/css\" data-created_by=\"avia_inline_auto\" id=\"style-css-av-2ekgmp-8511a78360779767adb34a941cfcf0ce\">\n.flex_column.av-2ekgmp-8511a78360779767adb34a941cfcf0ce{\nborder-radius:0px 0px 0px 0px;\npadding:0px 0px 0px 0px;\n}\n<\/style>\n<div  class='flex_column av-2ekgmp-8511a78360779767adb34a941cfcf0ce av_three_fourth  avia-builder-el-17  el_after_av_one_fourth  el_before_av_one_fourth  flex_column_table_cell av-equal-height-column av-align-middle av-zero-column-padding  column-top-margin'     ><p><br \/>\n\n<style type=\"text\/css\" data-created_by=\"avia_inline_auto\" id=\"style-css-av-288o0h-9fa3b8292f8dc9fb0e2351bc16f924e3\">\n#top .hr.hr-invisible.av-288o0h-9fa3b8292f8dc9fb0e2351bc16f924e3{\nheight:50px;\n}\n<\/style>\n<div  class='hr av-288o0h-9fa3b8292f8dc9fb0e2351bc16f924e3 hr-invisible  avia-builder-el-19  el_after_av_codeblock  avia-builder-el-last '><span class='hr-inner '><span class=\"hr-inner-style\"><\/span><\/span><\/div><\/p><\/div><\/div><!--close column table wrapper. Autoclose: 1 --><div class='flex_column_table av-22igeh-706be52655c1b48223cf033216f6498f sc-av_one_fourth av-equal-height-column-flextable'>\n<style type=\"text\/css\" data-created_by=\"avia_inline_auto\" id=\"style-css-av-22igeh-706be52655c1b48223cf033216f6498f\">\n.flex_column.av-22igeh-706be52655c1b48223cf033216f6498f{\nborder-radius:0px 0px 0px 0px;\npadding:0px 0px 0px 0px;\n}\n<\/style>\n<div  class='flex_column av-22igeh-706be52655c1b48223cf033216f6498f av_one_fourth  avia-builder-el-20  el_after_av_three_fourth  el_before_av_three_fourth  first flex_column_table_cell av-equal-height-column av-align-middle av-zero-column-padding  column-top-margin'     ><p>\n<style type=\"text\/css\" data-created_by=\"avia_inline_auto\" id=\"style-css-av-1y5vtt-3437289775992da03f7655a8ea856c78\">\n.avia-image-container.av-1y5vtt-3437289775992da03f7655a8ea856c78 img.avia_image{\nbox-shadow:none;\n}\n.avia-image-container.av-1y5vtt-3437289775992da03f7655a8ea856c78 .av-image-caption-overlay-center{\ncolor:#ffffff;\n}\n<\/style>\n<div  class='avia-image-container av-1y5vtt-3437289775992da03f7655a8ea856c78 av-styling- avia-align-center  avia-builder-el-21  el_before_av_hr  avia-builder-el-first '   itemprop=\"image\" itemscope=\"itemscope\" itemtype=\"https:\/\/schema.org\/ImageObject\" ><div class=\"avia-image-container-inner\"><div class=\"avia-image-overlay-wrap\"><img decoding=\"async\" fetchpriority=\"high\" class='wp-image-906 avia-img-lazy-loading-not-906 avia_image ' src=\"https:\/\/www.barbats.com\/wp-content\/uploads\/2014\/09\/logo-cal-masover.jpg\" alt='' title='logo-cal-masover'  height=\"200\" width=\"250\"  itemprop=\"thumbnailUrl\"  \/><\/div><\/div><\/div><br \/>\n\n<style type=\"text\/css\" data-created_by=\"avia_inline_auto\" id=\"style-css-av-1qtmpl-fb35da6363ac426f5b6dd7d4715ed311\">\n#top .hr.hr-invisible.av-1qtmpl-fb35da6363ac426f5b6dd7d4715ed311{\nheight:50px;\n}\n<\/style>\n<div  class='hr av-1qtmpl-fb35da6363ac426f5b6dd7d4715ed311 hr-invisible  avia-builder-el-22  el_after_av_image  el_before_av_textblock '><span class='hr-inner '><span class=\"hr-inner-style\"><\/span><\/span><\/div><br \/>\n<section  class='av_textblock_section av-1mx9gx-9861473823df44fdacb6986819df64a4 '   itemscope=\"itemscope\" itemtype=\"https:\/\/schema.org\/CreativeWork\" ><div class='avia_textblock'  itemprop=\"text\" ><h4 style=\"text-align: center;\"><span style=\"color: #e6652d;\"><strong>Cal Masover<\/strong><\/span><\/h4>\n<\/div><\/section><\/p><\/div><div class='av-flex-placeholder'><\/div>\n<style type=\"text\/css\" data-created_by=\"avia_inline_auto\" id=\"style-css-av-1hgpup-1c956f916720c7011486fa5a35fb13d5\">\n.flex_column.av-1hgpup-1c956f916720c7011486fa5a35fb13d5{\nborder-radius:0px 0px 0px 0px;\npadding:0px 0px 0px 0px;\n}\n<\/style>\n<div  class='flex_column av-1hgpup-1c956f916720c7011486fa5a35fb13d5 av_three_fourth  avia-builder-el-24  el_after_av_one_fourth  el_before_av_one_fourth  flex_column_table_cell av-equal-height-column av-align-middle av-zero-column-padding  column-top-margin'     ><p><br \/>\n\n<style type=\"text\/css\" data-created_by=\"avia_inline_auto\" id=\"style-css-av-1b2e6p-0a1afd28047f4a3184af75bb3dfc207a\">\n#top .hr.hr-invisible.av-1b2e6p-0a1afd28047f4a3184af75bb3dfc207a{\nheight:50px;\n}\n<\/style>\n<div  class='hr av-1b2e6p-0a1afd28047f4a3184af75bb3dfc207a hr-invisible  avia-builder-el-26  el_after_av_codeblock  avia-builder-el-last '><span class='hr-inner '><span class=\"hr-inner-style\"><\/span><\/span><\/div><\/p><\/div><\/div><!--close column table wrapper. Autoclose: 1 --><div class='flex_column_table av-10vvqp-9160837cc874cd0437d481d1bea4cf37 sc-av_one_fourth av-equal-height-column-flextable'>\n<style type=\"text\/css\" data-created_by=\"avia_inline_auto\" id=\"style-css-av-10vvqp-9160837cc874cd0437d481d1bea4cf37\">\n.flex_column.av-10vvqp-9160837cc874cd0437d481d1bea4cf37{\nborder-radius:0px 0px 0px 0px;\npadding:0px 0px 0px 0px;\n}\n<\/style>\n<div  class='flex_column av-10vvqp-9160837cc874cd0437d481d1bea4cf37 av_one_fourth  avia-builder-el-27  el_after_av_three_fourth  el_before_av_three_fourth  first flex_column_table_cell av-equal-height-column av-align-middle av-zero-column-padding  column-top-margin'     ><p>\n<style type=\"text\/css\" data-created_by=\"avia_inline_auto\" id=\"style-css-av-ze3s9-97d229e5e6fc87ceb0d84ca4b32fe70d\">\n.avia-image-container.av-ze3s9-97d229e5e6fc87ceb0d84ca4b32fe70d img.avia_image{\nbox-shadow:none;\n}\n.avia-image-container.av-ze3s9-97d229e5e6fc87ceb0d84ca4b32fe70d .av-image-caption-overlay-center{\ncolor:#ffffff;\n}\n<\/style>\n<div  class='avia-image-container av-ze3s9-97d229e5e6fc87ceb0d84ca4b32fe70d av-styling- avia-align-center  avia-builder-el-28  el_before_av_hr  avia-builder-el-first '   itemprop=\"image\" itemscope=\"itemscope\" itemtype=\"https:\/\/schema.org\/ImageObject\" ><div class=\"avia-image-container-inner\"><div class=\"avia-image-overlay-wrap\"><img decoding=\"async\" fetchpriority=\"high\" class='wp-image-912 avia-img-lazy-loading-not-912 avia_image ' src=\"https:\/\/www.barbats.com\/wp-content\/uploads\/2014\/09\/logo-la-serra.jpg\" alt='' title='logo-la-serra'  height=\"200\" width=\"250\"  itemprop=\"thumbnailUrl\"  \/><\/div><\/div><\/div><br \/>\n\n<style type=\"text\/css\" data-created_by=\"avia_inline_auto\" id=\"style-css-av-reok9-32cfcd00395b1c738694cda6179a024e\">\n#top .hr.hr-invisible.av-reok9-32cfcd00395b1c738694cda6179a024e{\nheight:50px;\n}\n<\/style>\n<div  class='hr av-reok9-32cfcd00395b1c738694cda6179a024e hr-invisible  avia-builder-el-29  el_after_av_image  el_before_av_textblock '><span class='hr-inner '><span class=\"hr-inner-style\"><\/span><\/span><\/div><br \/>\n<section  class='av_textblock_section av-m5zcp-1160c6c778ea44136471615d2c4ce71e '   itemscope=\"itemscope\" itemtype=\"https:\/\/schema.org\/CreativeWork\" ><div class='avia_textblock'  itemprop=\"text\" ><h4 style=\"text-align: center;\"><span style=\"color: #e6652d;\"><strong>La Serra<\/strong><\/span><\/h4>\n<\/div><\/section><\/p><\/div><div class='av-flex-placeholder'><\/div>\n<style type=\"text\/css\" data-created_by=\"avia_inline_auto\" id=\"style-css-av-1p87d-4287c6848e2f2c529f405f1e49798541\">\n.flex_column.av-1p87d-4287c6848e2f2c529f405f1e49798541{\nborder-radius:0px 0px 0px 0px;\npadding:0px 0px 0px 0px;\n}\n<\/style>\n<div  class='flex_column av-1p87d-4287c6848e2f2c529f405f1e49798541 av_three_fourth  avia-builder-el-31  el_after_av_one_fourth  avia-builder-el-last  flex_column_table_cell av-equal-height-column av-align-middle av-zero-column-padding  column-top-margin'     ><p><br \/>\n\n<style type=\"text\/css\" data-created_by=\"avia_inline_auto\" id=\"style-css-av-16te9-074b7e848ffc0b8a6a0c8c16ee021606\">\n#top .hr.hr-invisible.av-16te9-074b7e848ffc0b8a6a0c8c16ee021606{\nheight:50px;\n}\n<\/style>\n<div  class='hr av-16te9-074b7e848ffc0b8a6a0c8c16ee021606 hr-invisible  avia-builder-el-33  el_after_av_codeblock  avia-builder-el-last '><span class='hr-inner '><span class=\"hr-inner-style\"><\/span><\/span><\/div><\/p><\/div><\/div><!--close column table wrapper. Autoclose: 1 -->\n<\/div><\/div><\/div><!-- close content main div --><\/div><\/div><div id='after_section_1'  class='main_color av_default_container_wrap container_wrap fullsize'  ><div class='container av-section-cont-open' ><div class='template-page content  av-content-full alpha units'><div class='post-entry post-entry-type-page post-entry-649'><div class='entry-content-wrapper clearfix'>\n\n<style type=\"text\/css\" data-created_by=\"avia_inline_auto\" id=\"style-css-av-9ixep-d36adb612d4d2228d5c4955bdd77815e\">\n.flex_column.av-9ixep-d36adb612d4d2228d5c4955bdd77815e{\nwidth:100%;\n}\n<\/style>\n<div  class='flex_column av-9ixep-d36adb612d4d2228d5c4955bdd77815e av_one_full  avia-builder-el-34  el_after_av_section  avia-builder-el-no-sibling  first flex_column_div  '     ><section  class='av_textblock_section av-mir5xt4z-b939408eeaf9c9b3a4c0aa13eed01331 '   itemscope=\"itemscope\" itemtype=\"https:\/\/schema.org\/CreativeWork\" ><div class='avia_textblock'  itemprop=\"text\" ><h3>Choisissez la maison qui correspond le mieux \u00e0 votre s\u00e9jour et envoyez-nous votre demande d\u2019information ou de r\u00e9servation.<br \/>\nNous vous r\u00e9pondrons d\u00e8s que possible.<\/h3>\n<\/div><\/section><\/div>\n","protected":false},"excerpt":{"rendered":"","protected":false},"author":3,"featured_media":0,"parent":0,"menu_order":0,"comment_status":"closed","ping_status":"closed","template":"","meta":{"footnotes":""},"class_list":["post-649","page","type-page","status-publish","hentry"],"yoast_head":"<!-- This site is optimized with the Yoast SEO plugin v27.5 - https:\/\/yoast.com\/product\/yoast-seo-wordpress\/ -->\n<title>R\u00e9servations Casa Barbats - Maison rurale \u00e0 Casserres al Bergued\u00e0<\/title>\n<meta name=\"description\" content=\"V\u00e9rifiez ici la disponibilit\u00e9 des 4 maisons rurales (Cal Cosme, La Serra, Cal Masover et Cal Peu Curt). Contactez-nous et nous vous r\u00e9pondrons sous peu.\" \/>\n<meta name=\"robots\" content=\"index, follow, max-snippet:-1, max-image-preview:large, max-video-preview:-1\" \/>\n<link rel=\"canonical\" href=\"https:\/\/www.barbats.com\/fr\/reservations\/\" \/>\n<meta property=\"og:locale\" content=\"fr_FR\" \/>\n<meta property=\"og:type\" content=\"article\" \/>\n<meta property=\"og:title\" content=\"R\u00e9servations Casa Barbats - Maison rurale \u00e0 Casserres al Bergued\u00e0\" \/>\n<meta property=\"og:description\" content=\"V\u00e9rifiez ici la disponibilit\u00e9 des 4 maisons rurales (Cal Cosme, La Serra, Cal Masover et Cal Peu Curt). Contactez-nous et nous vous r\u00e9pondrons sous peu.\" \/>\n<meta property=\"og:url\" content=\"https:\/\/www.barbats.com\/fr\/reservations\/\" \/>\n<meta property=\"og:site_name\" content=\"Barbats\" \/>\n<meta property=\"article:modified_time\" content=\"2025-12-17T11:09:45+00:00\" \/>\n<meta name=\"twitter:card\" content=\"summary_large_image\" \/>\n<meta name=\"twitter:label1\" content=\"Dur\u00e9e de lecture estim\u00e9e\" \/>\n\t<meta name=\"twitter:data1\" content=\"2 minutes\" \/>\n<script type=\"application\/ld+json\" class=\"yoast-schema-graph\">{\"@context\":\"https:\\\/\\\/schema.org\",\"@graph\":[{\"@type\":\"WebPage\",\"@id\":\"https:\\\/\\\/www.barbats.com\\\/fr\\\/reservations\\\/\",\"url\":\"https:\\\/\\\/www.barbats.com\\\/fr\\\/reservations\\\/\",\"name\":\"R\u00e9servations Casa Barbats - Maison rurale \u00e0 Casserres al Bergued\u00e0\",\"isPartOf\":{\"@id\":\"https:\\\/\\\/www.barbats.com\\\/#website\"},\"datePublished\":\"2016-12-20T07:14:18+00:00\",\"dateModified\":\"2025-12-17T11:09:45+00:00\",\"description\":\"V\u00e9rifiez ici la disponibilit\u00e9 des 4 maisons rurales (Cal Cosme, La Serra, Cal Masover et Cal Peu Curt). Contactez-nous et nous vous r\u00e9pondrons sous peu.\",\"breadcrumb\":{\"@id\":\"https:\\\/\\\/www.barbats.com\\\/fr\\\/reservations\\\/#breadcrumb\"},\"inLanguage\":\"fr-FR\",\"potentialAction\":[{\"@type\":\"ReadAction\",\"target\":[\"https:\\\/\\\/www.barbats.com\\\/fr\\\/reservations\\\/\"]}]},{\"@type\":\"BreadcrumbList\",\"@id\":\"https:\\\/\\\/www.barbats.com\\\/fr\\\/reservations\\\/#breadcrumb\",\"itemListElement\":[{\"@type\":\"ListItem\",\"position\":1,\"name\":\"Inici\",\"item\":\"https:\\\/\\\/www.barbats.com\\\/fr\\\/\"},{\"@type\":\"ListItem\",\"position\":2,\"name\":\"R\u00e9serves\"}]},{\"@type\":\"WebSite\",\"@id\":\"https:\\\/\\\/www.barbats.com\\\/#website\",\"url\":\"https:\\\/\\\/www.barbats.com\\\/\",\"name\":\"Barbats\",\"description\":\"Cases de turisme rural a Casserres al Bergued\u00e0\",\"potentialAction\":[{\"@type\":\"SearchAction\",\"target\":{\"@type\":\"EntryPoint\",\"urlTemplate\":\"https:\\\/\\\/www.barbats.com\\\/?s={search_term_string}\"},\"query-input\":{\"@type\":\"PropertyValueSpecification\",\"valueRequired\":true,\"valueName\":\"search_term_string\"}}],\"inLanguage\":\"fr-FR\"}]}<\/script>\n<!-- \/ Yoast SEO plugin. -->","yoast_head_json":{"title":"R\u00e9servations Casa Barbats - Maison rurale \u00e0 Casserres al Bergued\u00e0","description":"V\u00e9rifiez ici la disponibilit\u00e9 des 4 maisons rurales (Cal Cosme, La Serra, Cal Masover et Cal Peu Curt). Contactez-nous et nous vous r\u00e9pondrons sous peu.","robots":{"index":"index","follow":"follow","max-snippet":"max-snippet:-1","max-image-preview":"max-image-preview:large","max-video-preview":"max-video-preview:-1"},"canonical":"https:\/\/www.barbats.com\/fr\/reservations\/","og_locale":"fr_FR","og_type":"article","og_title":"R\u00e9servations Casa Barbats - Maison rurale \u00e0 Casserres al Bergued\u00e0","og_description":"V\u00e9rifiez ici la disponibilit\u00e9 des 4 maisons rurales (Cal Cosme, La Serra, Cal Masover et Cal Peu Curt). Contactez-nous et nous vous r\u00e9pondrons sous peu.","og_url":"https:\/\/www.barbats.com\/fr\/reservations\/","og_site_name":"Barbats","article_modified_time":"2025-12-17T11:09:45+00:00","twitter_card":"summary_large_image","twitter_misc":{"Dur\u00e9e de lecture estim\u00e9e":"2 minutes"},"schema":{"@context":"https:\/\/schema.org","@graph":[{"@type":"WebPage","@id":"https:\/\/www.barbats.com\/fr\/reservations\/","url":"https:\/\/www.barbats.com\/fr\/reservations\/","name":"R\u00e9servations Casa Barbats - Maison rurale \u00e0 Casserres al Bergued\u00e0","isPartOf":{"@id":"https:\/\/www.barbats.com\/#website"},"datePublished":"2016-12-20T07:14:18+00:00","dateModified":"2025-12-17T11:09:45+00:00","description":"V\u00e9rifiez ici la disponibilit\u00e9 des 4 maisons rurales (Cal Cosme, La Serra, Cal Masover et Cal Peu Curt). Contactez-nous et nous vous r\u00e9pondrons sous peu.","breadcrumb":{"@id":"https:\/\/www.barbats.com\/fr\/reservations\/#breadcrumb"},"inLanguage":"fr-FR","potentialAction":[{"@type":"ReadAction","target":["https:\/\/www.barbats.com\/fr\/reservations\/"]}]},{"@type":"BreadcrumbList","@id":"https:\/\/www.barbats.com\/fr\/reservations\/#breadcrumb","itemListElement":[{"@type":"ListItem","position":1,"name":"Inici","item":"https:\/\/www.barbats.com\/fr\/"},{"@type":"ListItem","position":2,"name":"R\u00e9serves"}]},{"@type":"WebSite","@id":"https:\/\/www.barbats.com\/#website","url":"https:\/\/www.barbats.com\/","name":"Barbats","description":"Cases de turisme rural a Casserres al Bergued\u00e0","potentialAction":[{"@type":"SearchAction","target":{"@type":"EntryPoint","urlTemplate":"https:\/\/www.barbats.com\/?s={search_term_string}"},"query-input":{"@type":"PropertyValueSpecification","valueRequired":true,"valueName":"search_term_string"}}],"inLanguage":"fr-FR"}]}},"_links":{"self":[{"href":"https:\/\/www.barbats.com\/fr\/wp-json\/wp\/v2\/pages\/649","targetHints":{"allow":["GET"]}}],"collection":[{"href":"https:\/\/www.barbats.com\/fr\/wp-json\/wp\/v2\/pages"}],"about":[{"href":"https:\/\/www.barbats.com\/fr\/wp-json\/wp\/v2\/types\/page"}],"author":[{"embeddable":true,"href":"https:\/\/www.barbats.com\/fr\/wp-json\/wp\/v2\/users\/3"}],"replies":[{"embeddable":true,"href":"https:\/\/www.barbats.com\/fr\/wp-json\/wp\/v2\/comments?post=649"}],"version-history":[{"count":10,"href":"https:\/\/www.barbats.com\/fr\/wp-json\/wp\/v2\/pages\/649\/revisions"}],"predecessor-version":[{"id":2143,"href":"https:\/\/www.barbats.com\/fr\/wp-json\/wp\/v2\/pages\/649\/revisions\/2143"}],"wp:attachment":[{"href":"https:\/\/www.barbats.com\/fr\/wp-json\/wp\/v2\/media?parent=649"}],"curies":[{"name":"wp","href":"https:\/\/api.w.org\/{rel}","templated":true}]}}