{"id":1019,"date":"2019-01-11T10:52:02","date_gmt":"2019-01-11T10:52:02","guid":{"rendered":"http:\/\/www.barbats.com\/?page_id=1019"},"modified":"2019-01-11T10:52:04","modified_gmt":"2019-01-11T10:52:04","slug":"mentions-legales","status":"publish","type":"page","link":"https:\/\/www.barbats.com\/fr\/mentions-legales\/","title":{"rendered":"Mentions l\u00e9gales"},"content":{"rendered":"\n<style type=\"text\/css\" data-created_by=\"avia_inline_auto\" id=\"style-css-av-2xdykg-95fa7f68a3a0ade2d83a875a99355e99\">\n.flex_column.av-2xdykg-95fa7f68a3a0ade2d83a875a99355e99{\nborder-radius:0px 0px 0px 0px;\npadding:0px 0px 0px 0px;\n}\n<\/style>\n<div  class='flex_column av-2xdykg-95fa7f68a3a0ade2d83a875a99355e99 av_one_full  avia-builder-el-0  avia-builder-el-no-sibling  first flex_column_div av-zero-column-padding  '     ><p>\n<style type=\"text\/css\" data-created_by=\"avia_inline_auto\" id=\"style-css-av-jqrx9ahd-cb90a836c5ccc16329e047509f72c4d5\">\n#top .av-special-heading.av-jqrx9ahd-cb90a836c5ccc16329e047509f72c4d5{\npadding-bottom:10px;\n}\nbody .av-special-heading.av-jqrx9ahd-cb90a836c5ccc16329e047509f72c4d5 .av-special-heading-tag .heading-char{\nfont-size:25px;\n}\n.av-special-heading.av-jqrx9ahd-cb90a836c5ccc16329e047509f72c4d5 .av-subheading{\nfont-size:15px;\n}\n<\/style>\n<div  class='av-special-heading av-jqrx9ahd-cb90a836c5ccc16329e047509f72c4d5 av-special-heading-h2 blockquote modern-quote  avia-builder-el-1  el_before_av_textblock  avia-builder-el-first '><h2 class='av-special-heading-tag '  itemprop=\"headline\"  >Mentions l\u00e9gales<\/h2><div class=\"special-heading-border\"><div class=\"special-heading-inner-border\"><\/div><\/div><\/div><br \/>\n<section  class='av_textblock_section av-jqrwxay7-0062e38c7af85ec021cd45b8376b3e80 '   itemscope=\"itemscope\" itemtype=\"https:\/\/schema.org\/CreativeWork\" ><div class='avia_textblock'  itemprop=\"text\" ><h2>0. objet<\/h2>\n<p>Cet avis juridique r\u00e9git l&rsquo;utilisation et l&rsquo;utilisation du site Web www.barbats.com, propri\u00e9t\u00e9 de Ramon M\u00aa Pellicer Llim\u00f2s.<\/p>\n<p>La navigation sur le site Web de Ramon M\u00aa Pellicer Llim\u00f2s attribue la condition d\u2019UTILISATEUR et implique l\u2019acceptation pleine et sans r\u00e9serve de chacune des conditions publi\u00e9es dans le pr\u00e9sent avis l\u00e9gal, en avertissant que ces conditions peuvent \u00eatre modifi\u00e9es sans notification pr\u00e9alable par Ramon M\u00aa Pellicer Llim\u00f2s, auquel cas il sera publi\u00e9 et notifi\u00e9 dans les meilleurs d\u00e9lais.<\/p>\n<p>Par cons\u00e9quent, il est conseill\u00e9 de lire attentivement le contenu si vous souhaitez acc\u00e9der aux informations et services propos\u00e9s sur ce site et les utiliser.<\/p>\n<p>L&rsquo;utilisateur s&rsquo;engage \u00e9galement \u00e0 utiliser correctement le site Web conform\u00e9ment \u00e0 la l\u00e9gislation, \u00e0 la bonne foi, \u00e0 l&rsquo;ordre public, aux utilisations du trafic et au pr\u00e9sent avis juridique, et r\u00e9pondra \u00e0 Ramon M\u00aa Pellicer Llim\u00f2s ou \u00e0 des tiers, de dommages qui pourraient \u00eatre caus\u00e9s par la violation de cette obligation.<\/p>\n<p>Toute utilisation autre que celle autoris\u00e9e est express\u00e9ment interdite et Ramon M\u00aa Pellicer Llim\u00f2s peut refuser ou retirer l&rsquo;acc\u00e8s et l&rsquo;utilisation \u00e0 tout moment.<\/p>\n<h2>1. identification<\/h2>\n<p>Ramon M\u00aa Pellicer Llim\u00f2s, conform\u00e9ment \u00e0 la loi n \u00b0 34\/2002 du 11 juillet sur les services de la soci\u00e9t\u00e9 de l&rsquo;information et le commerce \u00e9lectronique, vous informe que:<\/p>\n<ul>\n<li><strong>Sa d\u00e9nomination sociale est: <\/strong>Ramon M\u00aa Pellicer Llim\u00f2s<strong>.<\/strong><\/li>\n<li><strong>Son nom commercial est: Barbats<\/strong><\/li>\n<li><strong>Son CIF est: 39304500F<\/strong><\/li>\n<li><strong>Son si\u00e8ge social est: casa Barbats s\/n<\/strong><\/li>\n<li><strong>Il est inscrit au registre du Commerce de Barcelone<\/strong><\/li>\n<\/ul>\n<h2>2. communications<\/h2>\n<p>Pour communiquer avec nous, nous mettons \u00e0 votre disposition diff\u00e9rents moyens de contact que nous d\u00e9taillons ci-dessous:<\/p>\n<ul>\n<li>t\u00e9l\u00e9phone<\/li>\n<li>courrier \u00e9lectronique<\/li>\n<\/ul>\n<p>Toutes les notifications et communications entre les utilisateurs et Ramon M\u00aa Pellicer Llim\u00f2s seront consid\u00e9r\u00e9es comme efficaces, \u00e0 toutes fins utiles, si elles sont effectu\u00e9es en utilisant l\u2019un des moyens mentionn\u00e9s ci-dessus.<\/p>\n<h2>3. Conditions d&rsquo;acc\u00e8s et d&rsquo;utilisation<\/h2>\n<p>Le site et ses services sont en acc\u00e8s libre et gratuit. Cependant, Ramon M\u00aa Pellicer Llim\u00f2s peut alt\u00e9rer l&rsquo;utilisation de certains des.<\/p>\n<p>L&rsquo;utilisateur garantit l&rsquo;authenticit\u00e9 et l&rsquo;actualit\u00e9 de toutes les donn\u00e9es fournies \u00e0 Ramon M\u00aa Pellicer Llim\u00f2s et sera seul responsable de toutes d\u00e9clarations fausses ou inexactes.<\/p>\n<p>L&rsquo;utilisateur s&rsquo;engage express\u00e9ment \u00e0 utiliser les contenus et les services de Ramon M\u00aa Pellicer Llim\u00f2s de mani\u00e8re ad\u00e9quate, et \u00e0 ne pas les utiliser, entre autres:<\/p>\n<ol>\n<li>Diffuser des informations criminelles, violentes, pornographiques, racistes, x\u00e9nophobes, offensantes, du contenu du terrorisme ou, d&rsquo;une mani\u00e8re g\u00e9n\u00e9rale, contraires \u00e0 la loi ou \u00e0 l&rsquo;ordre public.<\/li>\n<li>Introduisez dans le r\u00e9seau des virus informatiques ou effectuez des actions susceptibles d&rsquo;alt\u00e9rer, d&rsquo;interrompre ou de g\u00e9n\u00e9rer des erreurs ou des dommages aux documents \u00e9lectroniques, aux donn\u00e9es ou aux syst\u00e8mes physiques et logiques de Ramon M\u00aa Pellicer Llim\u00f2s ou de tiers.<\/li>\n<li>Essayez d&rsquo;acc\u00e9der aux comptes de messagerie d&rsquo;autres utilisateurs ou \u00e0 des zones restreintes des syst\u00e8mes informatiques d&rsquo;Ramon M\u00aa Pellicer Llim\u00f2s ou de tiers.<\/li>\n<li>Enfreindre les droits de propri\u00e9t\u00e9 intellectuelle ou industrielle, ainsi que violer la confidentialit\u00e9 des informations d\u2019Ramon M\u00aa Pellicer Llim\u00f2s ou de tiers.<\/li>\n<li>Emprunter l&rsquo;identit\u00e9 de tout autre utilisateur.<\/li>\n<li>Reproduire, copier, distribuer, mettre \u00e0 disposition, ou toute autre forme de communication publique, transformer ou modifier le contenu, sauf si vous avez l&rsquo;autorisation du propri\u00e9taire des droits correspondants ou si elle est l\u00e9galement autoris\u00e9e.<\/li>\n<li>Recueillez des donn\u00e9es \u00e0 des fins publicitaires et envoyez des publicit\u00e9s de toute nature et des communications sans un consentement pr\u00e9alable.<\/li>\n<\/ol>\n<p>Tous les contenus du site, tels que les textes, les photographies, les graphiques, les images, les ic\u00f4nes, la technologie, les logiciels, ainsi que son graphisme et ses codes sources, constituent une \u0153uvre et que le bien appartient \u00e0 Ramon M\u00aa Pellicer Llim\u00f2s, sans interpr\u00e9tation par l&rsquo;utilisateur.<\/p>\n<p>En bref, les utilisateurs qui acc\u00e8dent \u00e0 ce site Web peuvent visualiser le contenu et, le cas \u00e9ch\u00e9ant, faire des copies priv\u00e9es, \u00e0 condition que les \u00e9l\u00e9ments reproduits ne soient pas ult\u00e9rieurement transf\u00e9r\u00e9s \u00e0 des tiers, ni install\u00e9s sur des serveurs connect\u00e9s \u00e0 des r\u00e9seaux, ni soumis \u00e0 des modifications.<\/p>\n<p>De m\u00eame, toutes les marques, d\u00e9nominations commerciales ou signes distinctifs de quelque nature que ce soit qui apparaissent sur le site sont la propri\u00e9t\u00e9 de Ramon M\u00aa Pellicer Llim\u00f2s, sans qu&rsquo;il soit entendu que l&rsquo;utilisation ou l&rsquo;acc\u00e8s \u00e0 celle-ci conf\u00e8re \u00e0 l&rsquo;utilisateur des droits sur ceux-ci.<\/p>\n<p>La distribution, la modification, la cession ou la communication publique du contenu et tout autre acte non express\u00e9ment autoris\u00e9 par le titulaire des droits d&rsquo;exploitation sont interdits.<\/p>\n<p>L&rsquo;\u00e9tablissement d&rsquo;un hyperlien n&rsquo;implique en aucun cas l&rsquo;existence de relations entre Ramon M\u00aa Pellicer Llim\u00f2s et le propri\u00e9taire du site Web sur lequel il est cr\u00e9\u00e9, ni l&rsquo;acceptation et l&rsquo;approbation par Ramon M\u00aa Pellicer Llim\u00f2s de ses contenus ou services.<\/p>\n<p>Ramon M\u00aa Pellicer Llim\u00f2s n&rsquo;est pas responsable de l&rsquo;utilisation que chaque utilisateur donne aux documents mis \u00e0 disposition sur ce site web ni des actions effectu\u00e9es en fonction de ceux-ci.<\/p>\n<h3>3.1 Exclusion de garanties et de responsabilit\u00e9 en mati\u00e8re d&rsquo;acc\u00e8s et d&rsquo;utilisation<\/h3>\n<p>Le contenu de ce site Web est de nature g\u00e9n\u00e9rale et a un but purement informatif, sans garantir pleinement l&rsquo;acc\u00e8s \u00e0 tout contenu, \u00e0 son exhaustivit\u00e9, \u00e0 son exactitude, \u00e0 sa validit\u00e9, \u00e0 son actualit\u00e9, \u00e0 son ad\u00e9quation ou \u00e0 son utilit\u00e9 pour un usage sp\u00e9cifique.<\/p>\n<p>Ramon M\u00aa Pellicer Llim\u00f2s exclut, dans la mesure o\u00f9 la loi le permet, toute responsabilit\u00e9 pour des dommages de toute nature r\u00e9sultant:<\/p>\n<ol>\n<li>L\u2019impossibilit\u00e9 d\u2019acc\u00e9der au site ou le manque de v\u00e9racit\u00e9, d\u2019exactitude, d\u2019exhaustivit\u00e9 et \/ ou de ponctualit\u00e9 des contenus.<\/li>\n<li>La pr\u00e9sence de virus ou d\u2019autres \u00e9l\u00e9ments dans le contenu susceptibles d\u2019alt\u00e9rer les syst\u00e8mes informatiques, les documents \u00e9lectroniques ou les donn\u00e9es des utilisateurs.<\/li>\n<li>Non-respect des lois, bonne foi, ordre public, utilisation de la circulation et des pr\u00e9sentes mentions l\u00e9gales du fait de l\u2019utilisation incorrecte du site Web. En particulier et \u00e0 titre d&rsquo;exemple, Ramon M\u00aa Pellicer Llim\u00f2s n&rsquo;est pas responsable des actions de tiers qui portent atteinte aux droits de propri\u00e9t\u00e9 intellectuelle et industrielle, aux secrets d&rsquo;affaires, aux droits d&rsquo;honneur, au respect de la vie priv\u00e9e et familiale et \u00e0 l&rsquo;image elle-m\u00eame, ainsi qu&rsquo;aux r\u00e9glementation de la concurrence d\u00e9loyale et de la publicit\u00e9 illicite.<\/li>\n<\/ol>\n<p>De m\u00eame, Ramon M\u00aa Pellicer Llim\u00f2s d\u00e9cline toute responsabilit\u00e9 en ce qui concerne les informations qui se trouvent en dehors de ce site Web et qui ne sont pas g\u00e9r\u00e9es directement par notre webmaster. Les liens externes susceptibles d\u2019appara\u00eetre sur ce site Web servent exclusivement \u00e0 informer l\u2019utilisateur de l\u2019existence d\u2019autres sources susceptibles d\u2019\u00e9largir le contenu propos\u00e9 par ce site Web. Ramon M\u00aa Pellicer Llim\u00f2s ne garantit pas et n&rsquo;est pas responsable du fonctionnement ou de l&rsquo;accessibilit\u00e9 des sites li\u00e9s. ni sugg\u00e8re, invite ou recommande la visite \u00e0 eux, de sorte qu&rsquo;il ne sera pas responsable du r\u00e9sultat. Ramon M\u00aa Pellicer Llim\u00f2s n&rsquo;est pas responsable de l&rsquo;\u00e9tablissement de liens hypertextes par des tiers.<\/p>\n<h3>3.2 Proc\u00e9dure en cas d&rsquo;activit\u00e9s ill\u00e9gales<\/h3>\n<p>Si un utilisateur ou une tierce partie estime qu&rsquo;il existe des faits ou des circonstances r\u00e9v\u00e9lant le caract\u00e8re ill\u00e9gal de l&rsquo;utilisation de tout contenu et \/ ou de l&rsquo;ex\u00e9cution de toute activit\u00e9 sur les pages Web incluses ou accessibles via le site Web, vous devez envoyer une notification \u00e0 Ramon M\u00aa Pellicer Llim\u00f2s, identifiant et pr\u00e9cisant les infractions pr\u00e9sum\u00e9es.<\/p>\n<h3>3.3 Publications<\/h3>\n<p>Les informations administratives fournies via le site Web ne se substituent pas \u00e0 la publicit\u00e9 l\u00e9gale des lois, r\u00e8glements, plans, dispositions g\u00e9n\u00e9rales et actes qui doivent \u00eatre officiellement publi\u00e9s dans les journaux officiels des administrations publiques, qui constituent le seul instrument qui atteste son authenticit\u00e9 et son contenu. Les informations disponibles sur ce site Web doivent \u00eatre consid\u00e9r\u00e9es comme un guide sans aucune validit\u00e9 l\u00e9gale.<\/p>\n<h2>4. L\u00e9gislation applicable<\/h2>\n<p>Les pr\u00e9sentes conditions seront r\u00e9gies par la l\u00e9gislation espagnole en vigueur.<\/p>\n<\/div><\/section><\/p><\/div>\n","protected":false},"excerpt":{"rendered":"","protected":false},"author":3,"featured_media":0,"parent":0,"menu_order":0,"comment_status":"closed","ping_status":"closed","template":"","meta":{"footnotes":""},"class_list":["post-1019","page","type-page","status-publish","hentry"],"yoast_head":"<!-- This site is optimized with the Yoast SEO plugin v27.3 - https:\/\/yoast.com\/product\/yoast-seo-wordpress\/ -->\n<title>Mentions l\u00e9gales - Barbats<\/title>\n<meta name=\"robots\" content=\"index, follow, max-snippet:-1, max-image-preview:large, max-video-preview:-1\" \/>\n<link rel=\"canonical\" href=\"https:\/\/www.barbats.com\/avis-legal\/\" \/>\n<meta property=\"og:locale\" content=\"fr_FR\" \/>\n<meta property=\"og:type\" content=\"article\" \/>\n<meta property=\"og:title\" content=\"Mentions l\u00e9gales - Barbats\" \/>\n<meta property=\"og:url\" content=\"https:\/\/www.barbats.com\/avis-legal\/\" \/>\n<meta property=\"og:site_name\" content=\"Barbats\" \/>\n<meta property=\"article:modified_time\" content=\"2019-01-11T10:52:04+00:00\" \/>\n<meta name=\"twitter:card\" content=\"summary_large_image\" \/>\n<meta name=\"twitter:label1\" content=\"Dur\u00e9e de lecture estim\u00e9e\" \/>\n\t<meta name=\"twitter:data1\" content=\"8 minutes\" \/>\n<script type=\"application\/ld+json\" class=\"yoast-schema-graph\">{\"@context\":\"https:\\\/\\\/schema.org\",\"@graph\":[{\"@type\":\"WebPage\",\"@id\":\"https:\\\/\\\/www.barbats.com\\\/avis-legal\\\/\",\"url\":\"https:\\\/\\\/www.barbats.com\\\/avis-legal\\\/\",\"name\":\"Mentions l\u00e9gales - Barbats\",\"isPartOf\":{\"@id\":\"https:\\\/\\\/www.barbats.com\\\/#website\"},\"datePublished\":\"2019-01-11T10:52:02+00:00\",\"dateModified\":\"2019-01-11T10:52:04+00:00\",\"breadcrumb\":{\"@id\":\"https:\\\/\\\/www.barbats.com\\\/avis-legal\\\/#breadcrumb\"},\"inLanguage\":\"fr-FR\",\"potentialAction\":[{\"@type\":\"ReadAction\",\"target\":[\"https:\\\/\\\/www.barbats.com\\\/avis-legal\\\/\"]}]},{\"@type\":\"BreadcrumbList\",\"@id\":\"https:\\\/\\\/www.barbats.com\\\/avis-legal\\\/#breadcrumb\",\"itemListElement\":[{\"@type\":\"ListItem\",\"position\":1,\"name\":\"Inici\",\"item\":\"https:\\\/\\\/www.barbats.com\\\/fr\\\/\"},{\"@type\":\"ListItem\",\"position\":2,\"name\":\"Mentions l\u00e9gales\"}]},{\"@type\":\"WebSite\",\"@id\":\"https:\\\/\\\/www.barbats.com\\\/#website\",\"url\":\"https:\\\/\\\/www.barbats.com\\\/\",\"name\":\"Barbats\",\"description\":\"Cases de turisme rural a Casserres al Bergued\u00e0\",\"potentialAction\":[{\"@type\":\"SearchAction\",\"target\":{\"@type\":\"EntryPoint\",\"urlTemplate\":\"https:\\\/\\\/www.barbats.com\\\/?s={search_term_string}\"},\"query-input\":{\"@type\":\"PropertyValueSpecification\",\"valueRequired\":true,\"valueName\":\"search_term_string\"}}],\"inLanguage\":\"fr-FR\"}]}<\/script>\n<!-- \/ Yoast SEO plugin. -->","yoast_head_json":{"title":"Mentions l\u00e9gales - Barbats","robots":{"index":"index","follow":"follow","max-snippet":"max-snippet:-1","max-image-preview":"max-image-preview:large","max-video-preview":"max-video-preview:-1"},"canonical":"https:\/\/www.barbats.com\/avis-legal\/","og_locale":"fr_FR","og_type":"article","og_title":"Mentions l\u00e9gales - Barbats","og_url":"https:\/\/www.barbats.com\/avis-legal\/","og_site_name":"Barbats","article_modified_time":"2019-01-11T10:52:04+00:00","twitter_card":"summary_large_image","twitter_misc":{"Dur\u00e9e de lecture estim\u00e9e":"8 minutes"},"schema":{"@context":"https:\/\/schema.org","@graph":[{"@type":"WebPage","@id":"https:\/\/www.barbats.com\/avis-legal\/","url":"https:\/\/www.barbats.com\/avis-legal\/","name":"Mentions l\u00e9gales - Barbats","isPartOf":{"@id":"https:\/\/www.barbats.com\/#website"},"datePublished":"2019-01-11T10:52:02+00:00","dateModified":"2019-01-11T10:52:04+00:00","breadcrumb":{"@id":"https:\/\/www.barbats.com\/avis-legal\/#breadcrumb"},"inLanguage":"fr-FR","potentialAction":[{"@type":"ReadAction","target":["https:\/\/www.barbats.com\/avis-legal\/"]}]},{"@type":"BreadcrumbList","@id":"https:\/\/www.barbats.com\/avis-legal\/#breadcrumb","itemListElement":[{"@type":"ListItem","position":1,"name":"Inici","item":"https:\/\/www.barbats.com\/fr\/"},{"@type":"ListItem","position":2,"name":"Mentions l\u00e9gales"}]},{"@type":"WebSite","@id":"https:\/\/www.barbats.com\/#website","url":"https:\/\/www.barbats.com\/","name":"Barbats","description":"Cases de turisme rural a Casserres al Bergued\u00e0","potentialAction":[{"@type":"SearchAction","target":{"@type":"EntryPoint","urlTemplate":"https:\/\/www.barbats.com\/?s={search_term_string}"},"query-input":{"@type":"PropertyValueSpecification","valueRequired":true,"valueName":"search_term_string"}}],"inLanguage":"fr-FR"}]}},"_links":{"self":[{"href":"https:\/\/www.barbats.com\/fr\/wp-json\/wp\/v2\/pages\/1019","targetHints":{"allow":["GET"]}}],"collection":[{"href":"https:\/\/www.barbats.com\/fr\/wp-json\/wp\/v2\/pages"}],"about":[{"href":"https:\/\/www.barbats.com\/fr\/wp-json\/wp\/v2\/types\/page"}],"author":[{"embeddable":true,"href":"https:\/\/www.barbats.com\/fr\/wp-json\/wp\/v2\/users\/3"}],"replies":[{"embeddable":true,"href":"https:\/\/www.barbats.com\/fr\/wp-json\/wp\/v2\/comments?post=1019"}],"version-history":[{"count":1,"href":"https:\/\/www.barbats.com\/fr\/wp-json\/wp\/v2\/pages\/1019\/revisions"}],"predecessor-version":[{"id":1020,"href":"https:\/\/www.barbats.com\/fr\/wp-json\/wp\/v2\/pages\/1019\/revisions\/1020"}],"wp:attachment":[{"href":"https:\/\/www.barbats.com\/fr\/wp-json\/wp\/v2\/media?parent=1019"}],"curies":[{"name":"wp","href":"https:\/\/api.w.org\/{rel}","templated":true}]}}