{"id":562,"date":"2016-12-15T12:16:39","date_gmt":"2016-12-15T12:16:39","guid":{"rendered":"http:\/\/www.barbats.com\/?page_id=562&#038;lang=es"},"modified":"2017-01-23T14:35:54","modified_gmt":"2017-01-23T14:35:54","slug":"condiciones","status":"publish","type":"page","link":"https:\/\/www.barbats.com\/es\/condiciones\/","title":{"rendered":"Condiciones"},"content":{"rendered":"\n<style type=\"text\/css\" data-created_by=\"avia_inline_auto\" id=\"style-css-av-av_heading-17497d24a3dae53641776131c091fbb8\">\n#top .av-special-heading.av-av_heading-17497d24a3dae53641776131c091fbb8{\npadding-bottom:10px;\n}\nbody .av-special-heading.av-av_heading-17497d24a3dae53641776131c091fbb8 .av-special-heading-tag .heading-char{\nfont-size:25px;\n}\n.av-special-heading.av-av_heading-17497d24a3dae53641776131c091fbb8 .av-subheading{\nfont-size:15px;\n}\n<\/style>\n<div  class='av-special-heading av-av_heading-17497d24a3dae53641776131c091fbb8 av-special-heading-h2 blockquote modern-quote  avia-builder-el-0  el_before_av_textblock  avia-builder-el-first '><h2 class='av-special-heading-tag '  itemprop=\"headline\"  >Condiciones<\/h2><div class=\"special-heading-border\"><div class=\"special-heading-inner-border\"><\/div><\/div><\/div>\n<section  class='av_textblock_section av-av_textblock-0366cc7376be6c9e82a3e9cc8987b64f '   itemscope=\"itemscope\" itemtype=\"https:\/\/schema.org\/CreativeWork\" ><div class='avia_textblock'  itemprop=\"text\" ><p>La casa dispone de <strong>cocina totalmente equipada, s\u00e1banas y toallas de ba\u00f1o.<\/strong> No se incluyen las toallas de piscina.<\/p>\n<p>No est\u00e1 permitido el alojamiento a un n\u00famero mayor a las contratadas. Habr\u00e1 que detallar el n\u00famero de personas adultas, los ni\u00f1os \/ as y los que son menores de 2 a\u00f1os.<\/p>\n<p>No est\u00e1 permitido de introducci\u00f3n de equipos de sonido sin previa comunicaci\u00f3n.<\/p>\n<p>No se permite introducir aparatos que alteren el consumo habitual de suministro.<\/p>\n<p><strong>Reserva y pagos<\/strong><\/p>\n<p>Hay que hacer una paga y se\u00f1al del 25% del precio total de la estancia por fin de semana y el 30% para puentes y semanas.<\/p>\n<p>Pago del importe de la estancia: en general en el momento de entrada en la casa o de hacer efectiva la ocupaci\u00f3n de la casa.<\/p>\n<p><strong>Anulaci\u00f3n de reserva<\/strong><\/p>\n<p>Se vuelve la paga y se\u00f1al del 100% si la anulaci\u00f3n se hace con m\u00e1s de 30 d\u00edas de anticipaci\u00f3n a la fecha de estancia; un 50% de la paga y se\u00f1al si la anulaci\u00f3n de la reserva se entre los 30 y 15 d\u00edas de anticipaci\u00f3n de la fecha de estancia. No se devolver\u00e1 ning\u00fan porcentaje de la paga y se\u00f1al en caso de anulaci\u00f3n de la reserva en 15 d\u00edas o menos de anticipaci\u00f3n de la fecha de estancia.<\/p>\n<\/div><\/section>\n","protected":false},"excerpt":{"rendered":"","protected":false},"author":3,"featured_media":0,"parent":0,"menu_order":0,"comment_status":"closed","ping_status":"closed","template":"","meta":{"footnotes":""},"class_list":["post-562","page","type-page","status-publish","hentry"],"yoast_head":"<!-- This site is optimized with the Yoast SEO plugin v27.3 - https:\/\/yoast.com\/product\/yoast-seo-wordpress\/ -->\n<title>Condiciones legales Barbats- Casas rurales en Casserres en el Bergued\u00e0<\/title>\n<meta name=\"description\" content=\"Las casas rurales de Barbats, est\u00e1n situadas en Casserres (Barcelona), disponen de cocina totalmente equipada, s\u00e1banas y toallas de ba\u00f1o.\" \/>\n<meta name=\"robots\" content=\"index, follow, max-snippet:-1, max-image-preview:large, max-video-preview:-1\" \/>\n<link rel=\"canonical\" href=\"https:\/\/www.barbats.com\/condicions\/\" \/>\n<meta property=\"og:locale\" content=\"es_ES\" \/>\n<meta property=\"og:type\" content=\"article\" \/>\n<meta property=\"og:title\" content=\"Condiciones legales Barbats- Casas rurales en Casserres en el Bergued\u00e0\" \/>\n<meta property=\"og:description\" content=\"Las casas rurales de Barbats, est\u00e1n situadas en Casserres (Barcelona), disponen de cocina totalmente equipada, s\u00e1banas y toallas de ba\u00f1o.\" \/>\n<meta property=\"og:url\" content=\"https:\/\/www.barbats.com\/condicions\/\" \/>\n<meta property=\"og:site_name\" content=\"Barbats\" \/>\n<meta property=\"article:modified_time\" content=\"2017-01-23T14:35:54+00:00\" \/>\n<meta name=\"twitter:card\" content=\"summary_large_image\" \/>\n<meta name=\"twitter:label1\" content=\"Tiempo de lectura\" \/>\n\t<meta name=\"twitter:data1\" content=\"1 minuto\" \/>\n<script type=\"application\/ld+json\" class=\"yoast-schema-graph\">{\"@context\":\"https:\\\/\\\/schema.org\",\"@graph\":[{\"@type\":\"WebPage\",\"@id\":\"https:\\\/\\\/www.barbats.com\\\/condicions\\\/\",\"url\":\"https:\\\/\\\/www.barbats.com\\\/condicions\\\/\",\"name\":\"Condiciones legales Barbats- Casas rurales en Casserres en el Bergued\u00e0\",\"isPartOf\":{\"@id\":\"https:\\\/\\\/www.barbats.com\\\/#website\"},\"datePublished\":\"2016-12-15T12:16:39+00:00\",\"dateModified\":\"2017-01-23T14:35:54+00:00\",\"description\":\"Las casas rurales de Barbats, est\u00e1n situadas en Casserres (Barcelona), disponen de cocina totalmente equipada, s\u00e1banas y toallas de ba\u00f1o.\",\"breadcrumb\":{\"@id\":\"https:\\\/\\\/www.barbats.com\\\/condicions\\\/#breadcrumb\"},\"inLanguage\":\"es\",\"potentialAction\":[{\"@type\":\"ReadAction\",\"target\":[\"https:\\\/\\\/www.barbats.com\\\/condicions\\\/\"]}]},{\"@type\":\"BreadcrumbList\",\"@id\":\"https:\\\/\\\/www.barbats.com\\\/condicions\\\/#breadcrumb\",\"itemListElement\":[{\"@type\":\"ListItem\",\"position\":1,\"name\":\"Inici\",\"item\":\"https:\\\/\\\/www.barbats.com\\\/es\\\/\"},{\"@type\":\"ListItem\",\"position\":2,\"name\":\"Condiciones\"}]},{\"@type\":\"WebSite\",\"@id\":\"https:\\\/\\\/www.barbats.com\\\/#website\",\"url\":\"https:\\\/\\\/www.barbats.com\\\/\",\"name\":\"Barbats\",\"description\":\"Cases de turisme rural a Casserres al Bergued\u00e0\",\"potentialAction\":[{\"@type\":\"SearchAction\",\"target\":{\"@type\":\"EntryPoint\",\"urlTemplate\":\"https:\\\/\\\/www.barbats.com\\\/?s={search_term_string}\"},\"query-input\":{\"@type\":\"PropertyValueSpecification\",\"valueRequired\":true,\"valueName\":\"search_term_string\"}}],\"inLanguage\":\"es\"}]}<\/script>\n<!-- \/ Yoast SEO plugin. -->","yoast_head_json":{"title":"Condiciones legales Barbats- Casas rurales en Casserres en el Bergued\u00e0","description":"Las casas rurales de Barbats, est\u00e1n situadas en Casserres (Barcelona), disponen de cocina totalmente equipada, s\u00e1banas y toallas de ba\u00f1o.","robots":{"index":"index","follow":"follow","max-snippet":"max-snippet:-1","max-image-preview":"max-image-preview:large","max-video-preview":"max-video-preview:-1"},"canonical":"https:\/\/www.barbats.com\/condicions\/","og_locale":"es_ES","og_type":"article","og_title":"Condiciones legales Barbats- Casas rurales en Casserres en el Bergued\u00e0","og_description":"Las casas rurales de Barbats, est\u00e1n situadas en Casserres (Barcelona), disponen de cocina totalmente equipada, s\u00e1banas y toallas de ba\u00f1o.","og_url":"https:\/\/www.barbats.com\/condicions\/","og_site_name":"Barbats","article_modified_time":"2017-01-23T14:35:54+00:00","twitter_card":"summary_large_image","twitter_misc":{"Tiempo de lectura":"1 minuto"},"schema":{"@context":"https:\/\/schema.org","@graph":[{"@type":"WebPage","@id":"https:\/\/www.barbats.com\/condicions\/","url":"https:\/\/www.barbats.com\/condicions\/","name":"Condiciones legales Barbats- Casas rurales en Casserres en el Bergued\u00e0","isPartOf":{"@id":"https:\/\/www.barbats.com\/#website"},"datePublished":"2016-12-15T12:16:39+00:00","dateModified":"2017-01-23T14:35:54+00:00","description":"Las casas rurales de Barbats, est\u00e1n situadas en Casserres (Barcelona), disponen de cocina totalmente equipada, s\u00e1banas y toallas de ba\u00f1o.","breadcrumb":{"@id":"https:\/\/www.barbats.com\/condicions\/#breadcrumb"},"inLanguage":"es","potentialAction":[{"@type":"ReadAction","target":["https:\/\/www.barbats.com\/condicions\/"]}]},{"@type":"BreadcrumbList","@id":"https:\/\/www.barbats.com\/condicions\/#breadcrumb","itemListElement":[{"@type":"ListItem","position":1,"name":"Inici","item":"https:\/\/www.barbats.com\/es\/"},{"@type":"ListItem","position":2,"name":"Condiciones"}]},{"@type":"WebSite","@id":"https:\/\/www.barbats.com\/#website","url":"https:\/\/www.barbats.com\/","name":"Barbats","description":"Cases de turisme rural a Casserres al Bergued\u00e0","potentialAction":[{"@type":"SearchAction","target":{"@type":"EntryPoint","urlTemplate":"https:\/\/www.barbats.com\/?s={search_term_string}"},"query-input":{"@type":"PropertyValueSpecification","valueRequired":true,"valueName":"search_term_string"}}],"inLanguage":"es"}]}},"_links":{"self":[{"href":"https:\/\/www.barbats.com\/es\/wp-json\/wp\/v2\/pages\/562","targetHints":{"allow":["GET"]}}],"collection":[{"href":"https:\/\/www.barbats.com\/es\/wp-json\/wp\/v2\/pages"}],"about":[{"href":"https:\/\/www.barbats.com\/es\/wp-json\/wp\/v2\/types\/page"}],"author":[{"embeddable":true,"href":"https:\/\/www.barbats.com\/es\/wp-json\/wp\/v2\/users\/3"}],"replies":[{"embeddable":true,"href":"https:\/\/www.barbats.com\/es\/wp-json\/wp\/v2\/comments?post=562"}],"version-history":[{"count":4,"href":"https:\/\/www.barbats.com\/es\/wp-json\/wp\/v2\/pages\/562\/revisions"}],"predecessor-version":[{"id":623,"href":"https:\/\/www.barbats.com\/es\/wp-json\/wp\/v2\/pages\/562\/revisions\/623"}],"wp:attachment":[{"href":"https:\/\/www.barbats.com\/es\/wp-json\/wp\/v2\/media?parent=562"}],"curies":[{"name":"wp","href":"https:\/\/api.w.org\/{rel}","templated":true}]}}