{"id":1010,"date":"2019-01-11T10:43:57","date_gmt":"2019-01-11T10:43:57","guid":{"rendered":"http:\/\/www.barbats.com\/?page_id=1010"},"modified":"2019-01-11T10:48:38","modified_gmt":"2019-01-11T10:48:38","slug":"avis-legal","status":"publish","type":"page","link":"https:\/\/www.barbats.com\/es\/avis-legal\/","title":{"rendered":"Aviso legal"},"content":{"rendered":"\n<style type=\"text\/css\" data-created_by=\"avia_inline_auto\" id=\"style-css-av-2xdykg-95fa7f68a3a0ade2d83a875a99355e99\">\n.flex_column.av-2xdykg-95fa7f68a3a0ade2d83a875a99355e99{\nborder-radius:0px 0px 0px 0px;\npadding:0px 0px 0px 0px;\n}\n<\/style>\n<div  class='flex_column av-2xdykg-95fa7f68a3a0ade2d83a875a99355e99 av_one_full  avia-builder-el-0  avia-builder-el-no-sibling  first flex_column_div av-zero-column-padding  '     ><p>\n<style type=\"text\/css\" data-created_by=\"avia_inline_auto\" id=\"style-css-av-jqrx2tr4-81be3791e1eb1f8982dfeb55e508d22d\">\n#top .av-special-heading.av-jqrx2tr4-81be3791e1eb1f8982dfeb55e508d22d{\npadding-bottom:10px;\n}\nbody .av-special-heading.av-jqrx2tr4-81be3791e1eb1f8982dfeb55e508d22d .av-special-heading-tag .heading-char{\nfont-size:25px;\n}\n.av-special-heading.av-jqrx2tr4-81be3791e1eb1f8982dfeb55e508d22d .av-subheading{\nfont-size:15px;\n}\n<\/style>\n<div  class='av-special-heading av-jqrx2tr4-81be3791e1eb1f8982dfeb55e508d22d av-special-heading-h2 blockquote modern-quote  avia-builder-el-1  el_before_av_textblock  avia-builder-el-first '><h2 class='av-special-heading-tag '  itemprop=\"headline\"  >Aviso legal<\/h2><div class=\"special-heading-border\"><div class=\"special-heading-inner-border\"><\/div><\/div><\/div><br \/>\n<section  class='av_textblock_section av-jqrwxay7-0062e38c7af85ec021cd45b8376b3e80 '   itemscope=\"itemscope\" itemtype=\"https:\/\/schema.org\/CreativeWork\" ><div class='avia_textblock'  itemprop=\"text\" ><h2>0. Objeto<\/h2>\n<p>El presente aviso legal regula el uso y utilizaci\u00f3n del sitio web www.barbats.com, del que es titular Ramon M\u00aa Pellicer Llim\u00f2s.<\/p>\n<p>La navegaci\u00f3n por el sitio web de Ramon M\u00aa Pellicer Llim\u00f2s le atribuye la condici\u00f3n de USUARIO del mismo y supone su aceptaci\u00f3n plena y sin reservas de todas y cada una de las condiciones publicadas en este aviso legal, advirtiendo que estas condiciones pueden ser modificadas sin notificaci\u00f3n previa por parte de Ramon M\u00aa Pellicer Llim\u00f2s, en cuyo caso se proceder\u00e1 a su publicaci\u00f3n y aviso con la m\u00e1xima antelaci\u00f3n posible.<\/p>\n<p>Por ello es recomendable leer con atenci\u00f3n el contenido del presente aviso legal en caso de desear acceder y hacer uso de la informaci\u00f3n y los servicios ofrecidos desde este sitio web.<\/p>\n<p>El usuario, adem\u00e1s, se obliga a hacer un uso correcto del sitio web de conformidad con las leyes, la buena fe, el orden p\u00fablico, los usos del tr\u00e1fico y el presente Aviso Legal, y responder\u00e1 ante Ramon M\u00aa Pellicer Llim\u00f2s o ante terceros, de cualesquier da\u00f1o o perjuicio que pudieran causarse como consecuencia del incumplimiento de esta obligaci\u00f3n.<\/p>\n<p>Cualquier utilizaci\u00f3n distinta a la autorizada est\u00e1 expresamente prohibida, y Ramon M\u00aa Pellicer Llim\u00f2s puede denegar o retirar el acceso y su uso en cualquier momento.<\/p>\n<h2>1. Identificaci\u00f3n<\/h2>\n<p>Ramon M\u00aa Pellicer Llim\u00f2s, en cumplimiento de la Ley 34\/2002, de 11 de julio, de Servicios de la Sociedad de la Informaci\u00f3n y de Comercio Electr\u00f3nico, le informa que:<\/p>\n<ul>\n<li><strong>Su denominaci\u00f3n social es: <\/strong>Ramon M\u00aa Pellicer Llim\u00f2s<strong>.<\/strong><\/li>\n<li><strong>Su nombre comercial es: Barbats.<\/strong><\/li>\n<li><strong>Su CIF es: 39304500F.<\/strong><\/li>\n<li><strong>Su domicilio social es: casa Barbats s\/n<\/strong><\/li>\n<li><strong>Est\u00e1 inscrita en el Registro Mercantil de Barcelona<\/strong><\/li>\n<\/ul>\n<h2>2. Comunicaciones<\/h2>\n<p>Para comunicarse con nosotros, ponemos a su disposici\u00f3n diferentes medios de contacto que detallamos a continuaci\u00f3n:<\/p>\n<ul>\n<li>tel\u00e9fono<\/li>\n<li>correo electr\u00f3nico<\/li>\n<\/ul>\n<p>Todas las notificaciones y comunicaciones entre los usuarios y Ramon M\u00aa Pellicer Llim\u00f2s se considerar\u00e1n eficaces, a todos los efectos, cuando se realicen a trav\u00e9s de cualquier medio de los citados anteriormente<\/p>\n<h2>3. Condiciones de acceso y utilizaci\u00f3n<\/h2>\n<p>El sitio web y sus servicios son de acceso libre y gratuito. Sin embargo, Ramon M\u00aa Pellicer Llim\u00f2s puede alterar sin previo aviso la utilizaci\u00f3n de algunos de los servicios ofrecidos en su web.<\/p>\n<p>El usuario garantiza la autenticidad y actualidad de todos aquellos datos que comunique a Ramon M\u00aa Pellicer Llim\u00f2s y ser\u00e1 el \u00fanico responsable de las manifestaciones falsas o inexactas que realice.<\/p>\n<p>El usuario se compromete expresamente a hacer un uso adecuado de los contenidos y servicios de Ramon M\u00aa Pellicer Llim\u00f2s y a no emplearlos para, entre otros:<\/p>\n<ol>\n<li>Difundir contenidos delictivos, violentos, pornogr\u00e1ficos, racistas, xen\u00f3fobos, ofensivos, de apolog\u00eda del terrorismo o, en general, contrarios a la ley o al orden p\u00fablico.<\/li>\n<li>Introducir en la red virus inform\u00e1ticos o realizar actuaciones susceptibles de alterar, estropear, interrumpir o generar errores o da\u00f1os en los documentos electr\u00f3nicos, datos o sistemas f\u00edsicos y l\u00f3gicos de Ramon M\u00aa Pellicer Llim\u00f2s o de terceras personas; as\u00ed como obstaculizar el acceso de otros usuarios al sitio web y a sus servicios mediante el consumo masivo de los recursos inform\u00e1ticos a trav\u00e9s de los cuales Ramon M\u00aa Pellicer Llim\u00f2s presta sus servicios.<\/li>\n<li>Intentar acceder a las cuentas de correo electr\u00f3nico de otros usuarios o a \u00e1reas restringidas de los sistemas inform\u00e1ticos de Ramon M\u00aa Pellicer Llim\u00f2s o de terceros y, en su caso, extraer informaci\u00f3n.<\/li>\n<li>Vulnerar los derechos de propiedad intelectual o industrial, as\u00ed como violar la confidencialidad de la informaci\u00f3n de Ramon M\u00aa Pellicer Llim\u00f2s o de terceros.<\/li>\n<li>Suplantar la identidad de cualquier otro usuario.<\/li>\n<li>Reproducir, copiar, distribuir o modificar los contenidos, a menos que se cuente con la autorizaci\u00f3n del titular de los correspondientes derechos o ello resulte legalmente permitido.<\/li>\n<li>Recabar datos con finalidad publicitaria y de remitir publicidad de cualquier clase y comunicaciones con fines de venta u otras de naturaleza comercial sin que exista la previa solicitud o consentimiento.<\/li>\n<\/ol>\n<p>Todos los contenidos del sitio web, como textos, fotograf\u00edas, gr\u00e1ficos, im\u00e1genes, iconos, tecnolog\u00eda, software, as\u00ed como su dise\u00f1o gr\u00e1fico y c\u00f3digos fuente, constituyen una obra y la propiedad pertenece a Ramon M\u00aa Pellicer Llim\u00f2s, sin que puedan entenderse cedidos al usuario ninguno de los derechos de explotaci\u00f3n sobre los mismos m\u00e1s all\u00e1 de lo estrictamente necesario para el correcto uso de la web.<\/p>\n<p>En definitiva, los usuarios que accedan a este sitio web pueden visualizar los contenidos y efectuar, en su caso, copias privadas autorizadas siempre que los elementos reproducidos no sean cedidos posteriormente a terceros, ni se instalen a servidores conectados a redes, ni sean objeto de ning\u00fan tipo de explotaci\u00f3n.<\/p>\n<p>Asimismo, todas las marcas, nombres comerciales o signos distintivos de cualquier clase que aparecen en el sitio web son propiedad de Ramon M\u00aa Pellicer Llim\u00f2s, sin que pueda entenderse que el uso o acceso al mismo atribuya al usuario derecho alguno sobre los mismos.<\/p>\n<p>La distribuci\u00f3n, modificaci\u00f3n, cesi\u00f3n o comunicaci\u00f3n p\u00fablica de los contenidos y cualquier otro acto que no haya sido expresamente autorizado por el titular de los derechos de explotaci\u00f3n quedan prohibidos.<\/p>\n<p>El establecimiento de un hiperenlace no implica en ning\u00fan caso la existencia de relaciones entre Ramon M\u00aa Pellicer Llim\u00f2s y el propietario del sitio web en la que se establezca, ni la aceptaci\u00f3n y aprobaci\u00f3n por parte de Ramon M\u00aa Pellicer Llim\u00f2s de sus contenidos o servicios.<\/p>\n<p>Ramon M\u00aa Pellicer Llim\u00f2s no se responsabiliza del uso que cada usuario le d\u00e9 a los materiales puestos a disposici\u00f3n en este sitio web ni de las actuaciones que realice en base a los mismos.<\/p>\n<h3>3.1 Exclusi\u00f3n de garant\u00edas y de responsabilidad en el acceso y la utilizaci\u00f3n<\/h3>\n<p>El contenido del presente sitio web es de car\u00e1cter general y tiene una finalidad meramente informativa, sin que se garantice plenamente el acceso a todos los contenidos, ni su exhaustividad, correcci\u00f3n, vigencia o actualidad, ni su idoneidad o utilidad para un objetivo espec\u00edfico.<\/p>\n<p>Ramon M\u00aa Pellicer Llim\u00f2s excluye, hasta donde permite el ordenamiento jur\u00eddico, cualquier responsabilidad por los da\u00f1os y perjuicios de toda naturaleza derivados de:<\/p>\n<ol>\n<li>La imposibilidad de acceso al sitio web o la falta de veracidad, exactitud, exhaustividad y \/ o actualidad de los contenidos, as\u00ed como la existencia de vicios y defectos de toda clase de los contenidos transmitidos, difundidos, almacenados, puestos a disposici\u00f3n, a los que se haya accedido a trav\u00e9s del sitio web o de los servicios que se ofrecen.<\/li>\n<li>La presencia de virus o de otros elementos en los contenidos que puedan producir alteraciones en los sistemas inform\u00e1ticos, documentos electr\u00f3nicos o datos de los usuarios.<\/li>\n<li>El incumplimiento de las leyes, la buena fe, el orden p\u00fablico, los usos del tr\u00e1fico y el presente aviso legal como consecuencia del uso incorrecto del sitio web. En particular, y a modo de ejemplo, Ramon M\u00aa Pellicer Llim\u00f2s no se hace responsable de las actuaciones de terceros que vulneren derechos de propiedad intelectual e industrial, secretos empresariales, derechos al honor, a la intimidad personal y familiar ya la propia imagen, as\u00ed como la normativa en materia de competencia desleal y publicidad il\u00edcita.<\/li>\n<\/ol>\n<p>Asimismo, Ramon M\u00aa Pellicer Llim\u00f2s declina cualquier responsabilidad respecto a la informaci\u00f3n que se halle fuera de esta web y no sea gestionada directamente por nuestro webmaster. La funci\u00f3n de los links externos que puedan aparecer en esta web es exclusivamente la de informar al usuario sobre la existencia de otras fuentes susceptibles de ampliar los contenidos que ofrece este sitio web. Ramon M\u00aa Pellicer Llim\u00f2s no garantiza ni se responsabiliza del funcionamiento o accesibilidad de los sitios enlazados; ni sugiere, invita o recomienda la visita a los mismos, por lo que tampoco ser\u00e1 responsable del resultado obtenido. Ramon M\u00aa Pellicer Llim\u00f2s no se responsabiliza del establecimiento de hiperv\u00ednculos por parte de terceros.<\/p>\n<h3>\u00a03.2 Procedimiento en caso de realizaci\u00f3n de actividades de car\u00e1cter il\u00edcito<\/h3>\n<p>En caso de que cualquier usuario o un tercero considere que existen hechos o circunstancias que revelen el car\u00e1cter il\u00edcito de la utilizaci\u00f3n de cualquier contenido y \/ o de la realizaci\u00f3n de cualquier actividad en las p\u00e1ginas web incluidas o accesibles a trav\u00e9s del sitio web, deber\u00e1 enviar una notificaci\u00f3n a Ramon M\u00aa Pellicer Llim\u00f2s identific\u00e1ndose debidamente y especificando las supuestas infracciones.<\/p>\n<h3>3.3 Publicaciones<\/h3>\n<p>La informaci\u00f3n administrativa facilitada a trav\u00e9s del sitio web no sustituye la publicidad legal de las leyes, normativas, planes, disposiciones generales y actos que tengan que ser publicados formalmente a los diarios oficiales de las administraciones p\u00fablicas, que constituyen el \u00fanico instrumento que da fe de su autenticidad y contenido. La informaci\u00f3n disponible en este sitio web debe entenderse como una gu\u00eda sin prop\u00f3sito de validez legal.<\/p>\n<h2>4. Legislaci\u00f3n aplicable<\/h2>\n<p>Las condiciones presentes se regir\u00e1n por la legislaci\u00f3n espa\u00f1ola vigente.<\/p>\n<\/div><\/section><\/p><\/div>\n","protected":false},"excerpt":{"rendered":"","protected":false},"author":3,"featured_media":0,"parent":0,"menu_order":0,"comment_status":"closed","ping_status":"closed","template":"","meta":{"footnotes":""},"class_list":["post-1010","page","type-page","status-publish","hentry"],"yoast_head":"<!-- This site is optimized with the Yoast SEO plugin v27.3 - https:\/\/yoast.com\/product\/yoast-seo-wordpress\/ -->\n<title>Aviso legal - Barbats<\/title>\n<meta name=\"robots\" content=\"index, follow, max-snippet:-1, max-image-preview:large, max-video-preview:-1\" \/>\n<link rel=\"canonical\" href=\"https:\/\/www.barbats.com\/es\/avis-legal\/\" \/>\n<meta property=\"og:locale\" content=\"es_ES\" \/>\n<meta property=\"og:type\" content=\"article\" \/>\n<meta property=\"og:title\" content=\"Aviso legal - Barbats\" \/>\n<meta property=\"og:url\" content=\"https:\/\/www.barbats.com\/es\/avis-legal\/\" \/>\n<meta property=\"og:site_name\" content=\"Barbats\" \/>\n<meta property=\"article:modified_time\" content=\"2019-01-11T10:48:38+00:00\" \/>\n<meta name=\"twitter:card\" content=\"summary_large_image\" \/>\n<meta name=\"twitter:label1\" content=\"Tiempo de lectura\" \/>\n\t<meta name=\"twitter:data1\" content=\"9 minutos\" \/>\n<script type=\"application\/ld+json\" class=\"yoast-schema-graph\">{\"@context\":\"https:\\\/\\\/schema.org\",\"@graph\":[{\"@type\":\"WebPage\",\"@id\":\"https:\\\/\\\/www.barbats.com\\\/es\\\/avis-legal\\\/\",\"url\":\"https:\\\/\\\/www.barbats.com\\\/es\\\/avis-legal\\\/\",\"name\":\"Aviso legal - Barbats\",\"isPartOf\":{\"@id\":\"https:\\\/\\\/www.barbats.com\\\/#website\"},\"datePublished\":\"2019-01-11T10:43:57+00:00\",\"dateModified\":\"2019-01-11T10:48:38+00:00\",\"breadcrumb\":{\"@id\":\"https:\\\/\\\/www.barbats.com\\\/es\\\/avis-legal\\\/#breadcrumb\"},\"inLanguage\":\"es\",\"potentialAction\":[{\"@type\":\"ReadAction\",\"target\":[\"https:\\\/\\\/www.barbats.com\\\/es\\\/avis-legal\\\/\"]}]},{\"@type\":\"BreadcrumbList\",\"@id\":\"https:\\\/\\\/www.barbats.com\\\/es\\\/avis-legal\\\/#breadcrumb\",\"itemListElement\":[{\"@type\":\"ListItem\",\"position\":1,\"name\":\"Inici\",\"item\":\"https:\\\/\\\/www.barbats.com\\\/es\\\/\"},{\"@type\":\"ListItem\",\"position\":2,\"name\":\"Aviso legal\"}]},{\"@type\":\"WebSite\",\"@id\":\"https:\\\/\\\/www.barbats.com\\\/#website\",\"url\":\"https:\\\/\\\/www.barbats.com\\\/\",\"name\":\"Barbats\",\"description\":\"Cases de turisme rural a Casserres al Bergued\u00e0\",\"potentialAction\":[{\"@type\":\"SearchAction\",\"target\":{\"@type\":\"EntryPoint\",\"urlTemplate\":\"https:\\\/\\\/www.barbats.com\\\/?s={search_term_string}\"},\"query-input\":{\"@type\":\"PropertyValueSpecification\",\"valueRequired\":true,\"valueName\":\"search_term_string\"}}],\"inLanguage\":\"es\"}]}<\/script>\n<!-- \/ Yoast SEO plugin. -->","yoast_head_json":{"title":"Aviso legal - Barbats","robots":{"index":"index","follow":"follow","max-snippet":"max-snippet:-1","max-image-preview":"max-image-preview:large","max-video-preview":"max-video-preview:-1"},"canonical":"https:\/\/www.barbats.com\/es\/avis-legal\/","og_locale":"es_ES","og_type":"article","og_title":"Aviso legal - Barbats","og_url":"https:\/\/www.barbats.com\/es\/avis-legal\/","og_site_name":"Barbats","article_modified_time":"2019-01-11T10:48:38+00:00","twitter_card":"summary_large_image","twitter_misc":{"Tiempo de lectura":"9 minutos"},"schema":{"@context":"https:\/\/schema.org","@graph":[{"@type":"WebPage","@id":"https:\/\/www.barbats.com\/es\/avis-legal\/","url":"https:\/\/www.barbats.com\/es\/avis-legal\/","name":"Aviso legal - Barbats","isPartOf":{"@id":"https:\/\/www.barbats.com\/#website"},"datePublished":"2019-01-11T10:43:57+00:00","dateModified":"2019-01-11T10:48:38+00:00","breadcrumb":{"@id":"https:\/\/www.barbats.com\/es\/avis-legal\/#breadcrumb"},"inLanguage":"es","potentialAction":[{"@type":"ReadAction","target":["https:\/\/www.barbats.com\/es\/avis-legal\/"]}]},{"@type":"BreadcrumbList","@id":"https:\/\/www.barbats.com\/es\/avis-legal\/#breadcrumb","itemListElement":[{"@type":"ListItem","position":1,"name":"Inici","item":"https:\/\/www.barbats.com\/es\/"},{"@type":"ListItem","position":2,"name":"Aviso legal"}]},{"@type":"WebSite","@id":"https:\/\/www.barbats.com\/#website","url":"https:\/\/www.barbats.com\/","name":"Barbats","description":"Cases de turisme rural a Casserres al Bergued\u00e0","potentialAction":[{"@type":"SearchAction","target":{"@type":"EntryPoint","urlTemplate":"https:\/\/www.barbats.com\/?s={search_term_string}"},"query-input":{"@type":"PropertyValueSpecification","valueRequired":true,"valueName":"search_term_string"}}],"inLanguage":"es"}]}},"_links":{"self":[{"href":"https:\/\/www.barbats.com\/es\/wp-json\/wp\/v2\/pages\/1010","targetHints":{"allow":["GET"]}}],"collection":[{"href":"https:\/\/www.barbats.com\/es\/wp-json\/wp\/v2\/pages"}],"about":[{"href":"https:\/\/www.barbats.com\/es\/wp-json\/wp\/v2\/types\/page"}],"author":[{"embeddable":true,"href":"https:\/\/www.barbats.com\/es\/wp-json\/wp\/v2\/users\/3"}],"replies":[{"embeddable":true,"href":"https:\/\/www.barbats.com\/es\/wp-json\/wp\/v2\/comments?post=1010"}],"version-history":[{"count":3,"href":"https:\/\/www.barbats.com\/es\/wp-json\/wp\/v2\/pages\/1010\/revisions"}],"predecessor-version":[{"id":1016,"href":"https:\/\/www.barbats.com\/es\/wp-json\/wp\/v2\/pages\/1010\/revisions\/1016"}],"wp:attachment":[{"href":"https:\/\/www.barbats.com\/es\/wp-json\/wp\/v2\/media?parent=1010"}],"curies":[{"name":"wp","href":"https:\/\/api.w.org\/{rel}","templated":true}]}}